{"id":2468,"date":"2024-12-03T17:43:48","date_gmt":"2024-12-03T14:43:48","guid":{"rendered":"https:\/\/paripesawin.com\/a-propos-de-nous\/"},"modified":"2024-12-04T14:47:58","modified_gmt":"2024-12-04T11:47:58","slug":"a-propos-de-nous","status":"publish","type":"page","link":"https:\/\/paripesawin.com\/fr\/a-propos-de-nous\/","title":{"rendered":"\u00c0 propos de nous"},"content":{"rendered":"<section class=\"l-section wpb_row height_auto\"><div class=\"l-section-h i-cf\"><div class=\"g-cols vc_row via_grid cols_1 laptops-cols_inherit tablets-cols_inherit mobiles-cols_1 valign_top type_default stacking_default\"><div class=\"wpb_column vc_column_container\"><div class=\"vc_column-inner\"><div class=\"wpb_text_column\"><div class=\"wpb_wrapper\"><div id=\"ez-toc-container\" class=\"ez-toc-v2_0_65 counter-hierarchy ez-toc-counter ez-toc-light-blue ez-toc-container-direction\">\n<div class=\"ez-toc-title-container\">\n<span class=\"ez-toc-title-toggle\"><a href=\"#\" class=\"ez-toc-pull-right ez-toc-btn ez-toc-btn-xs ez-toc-btn-default ez-toc-toggle\" aria-label=\"Toggle Table of Content\"><span class=\"ez-toc-js-icon-con\"><span class=\"\"><span class=\"eztoc-hide\" style=\"display:none;\">Toggle<\/span><span class=\"ez-toc-icon-toggle-span\"><svg style=\"fill: #b5b5b5;color:#b5b5b5\" xmlns=\"http:\/\/www.w3.org\/2000\/svg\" class=\"list-377408\" width=\"20px\" height=\"20px\" viewBox=\"0 0 24 24\" fill=\"none\"><path d=\"M6 6H4v2h2V6zm14 0H8v2h12V6zM4 11h2v2H4v-2zm16 0H8v2h12v-2zM4 16h2v2H4v-2zm16 0H8v2h12v-2z\" fill=\"currentColor\"><\/path><\/svg><svg style=\"fill: #b5b5b5;color:#b5b5b5\" class=\"arrow-unsorted-368013\" xmlns=\"http:\/\/www.w3.org\/2000\/svg\" width=\"10px\" height=\"10px\" viewBox=\"0 0 24 24\" version=\"1.2\" baseProfile=\"tiny\"><path d=\"M18.2 9.3l-6.2-6.3-6.2 6.3c-.2.2-.3.4-.3.7s.1.5.3.7c.2.2.4.3.7.3h11c.3 0 .5-.1.7-.3.2-.2.3-.5.3-.7s-.1-.5-.3-.7zM5.8 14.7l6.2 6.3 6.2-6.3c.2-.2.3-.5.3-.7s-.1-.5-.3-.7c-.2-.2-.4-.3-.7-.3h-11c-.3 0-.5.1-.7.3-.2.2-.3.5-.3.7s.1.5.3.7z\"\/><\/svg><\/span><\/span><\/span><\/a><\/span><\/div>\n<nav><ul class='ez-toc-list ez-toc-list-level-1 ' ><li class='ez-toc-page-1 ez-toc-heading-level-1'><a class=\"ez-toc-link ez-toc-heading-1\" href=\"https:\/\/paripesawin.com\/fr\/a-propos-de-nous\/#A_propos_de_nous-_Paripesa\" title=\"\u00c0 propos de nous- Paripesa\">\u00c0 propos de nous- Paripesa<\/a><ul class='ez-toc-list-level-2' ><li class='ez-toc-heading-level-2'><a class=\"ez-toc-link ez-toc-heading-2\" href=\"https:\/\/paripesawin.com\/fr\/a-propos-de-nous\/#Qui_sommes-nous\" title=\"Qui sommes-nous\">Qui sommes-nous<\/a><\/li><li class='ez-toc-page-1 ez-toc-heading-level-2'><a class=\"ez-toc-link ez-toc-heading-3\" href=\"https:\/\/paripesawin.com\/fr\/a-propos-de-nous\/#Ce_que_nous_offrons\" title=\"Ce que nous offrons\">Ce que nous offrons<\/a><ul class='ez-toc-list-level-4' ><li class='ez-toc-heading-level-4'><ul class='ez-toc-list-level-4' ><li class='ez-toc-heading-level-4'><a class=\"ez-toc-link ez-toc-heading-4\" href=\"https:\/\/paripesawin.com\/fr\/a-propos-de-nous\/#Une_plateforme_polyvalente\" title=\"Une plateforme polyvalente\">Une plateforme polyvalente<\/a><\/li><li class='ez-toc-page-1 ez-toc-heading-level-4'><a class=\"ez-toc-link ez-toc-heading-5\" href=\"https:\/\/paripesawin.com\/fr\/a-propos-de-nous\/#Accessibilite_partout_et_a_tout_moment\" title=\"Accessibilit\u00e9 partout et \u00e0 tout moment\">Accessibilit\u00e9 partout et \u00e0 tout moment<\/a><\/li><\/ul><\/li><li class='ez-toc-page-1 ez-toc-heading-level-3'><a class=\"ez-toc-link ez-toc-heading-6\" href=\"https:\/\/paripesawin.com\/fr\/a-propos-de-nous\/#Paripesa_Partners\" title=\"Paripesa Partners\">Paripesa Partners<\/a><\/li><\/ul><\/li><li class='ez-toc-page-1 ez-toc-heading-level-2'><a class=\"ez-toc-link ez-toc-heading-7\" href=\"https:\/\/paripesawin.com\/fr\/a-propos-de-nous\/#Pourquoi_choisir_Paripesa\" title=\"Pourquoi choisir Paripesa?\">Pourquoi choisir Paripesa?<\/a><\/li><\/ul><\/li><\/ul><\/nav><\/div>\n<h1><span class=\"ez-toc-section\" id=\"A_propos_de_nous-_Paripesa\"><\/span>\u00c0 propos de nous- Paripesa<span class=\"ez-toc-section-end\"><\/span><\/h1>\n<p>Bienvenue chez <a href=\"\/fr\/\">Paripesa<\/a> International, une plateforme leader dans le secteur mondial des paris et des jeux en ligne. Nous nous engageons \u00e0 offrir un divertissement de premier ordre gr\u00e2ce \u00e0 une technologie innovante, des options de jeu diversifi\u00e9es et des exp\u00e9riences utilisateur in\u00e9gal\u00e9es. Que vous soyez un parieur chevronn\u00e9 ou un nouveau venu dans le jeu en ligne, Paripesa a quelque chose \u00e0 offrir \u00e0 chacun.<\/p>\n<h2><span class=\"ez-toc-section\" id=\"Qui_sommes-nous\"><\/span>Qui sommes-nous<span class=\"ez-toc-section-end\"><\/span><\/h2>\n<p>Paripesa International a \u00e9t\u00e9 cr\u00e9\u00e9e pour r\u00e9volutionner l&#8217;exp\u00e9rience de jeu, en proposant une plateforme fiable, s\u00e9curis\u00e9e et conviviale. Nos services sont con\u00e7us pour r\u00e9pondre aux besoins d&#8217;un public mondial, avec des solutions localis\u00e9es telles que les options mobiles Paripesa pour un acc\u00e8s transparent en d\u00e9placement. Dans le cadre de notre engagement \u00e0 rester en t\u00eate du secteur, nous proposons une vari\u00e9t\u00e9 de fonctionnalit\u00e9s, notamment :<\/p>\n<ul>\n<li>L&#8217;application Paripesa, garantissant une exp\u00e9rience de jeu fluide et pratique sur les appareils Android et iOS.<\/li>\n<li>Des jeux de pointe comme Paripesa Aviator, un jeu de paris rapide et passionnant, parfait pour ceux qui aiment un gameplay plein d&#8217;adr\u00e9naline.<\/li>\n<li>Paris en direct de Paripesa, permettant aux joueurs de s&#8217;immerger dans l&#8217;action de jeu en temps r\u00e9el.<\/li>\n<\/ul>\n<h2><span class=\"ez-toc-section\" id=\"Ce_que_nous_offrons\"><\/span>Ce que nous offrons<span class=\"ez-toc-section-end\"><\/span><\/h2>\n<h4><span class=\"ez-toc-section\" id=\"Une_plateforme_polyvalente\"><\/span>Une plateforme polyvalente<span class=\"ez-toc-section-end\"><\/span><\/h4>\n<p>Le site Web de Paripesa est con\u00e7u pour l&#8217;utilisateur, avec une interface \u00e9l\u00e9gante et une navigation facile. Que vous exploriez les paris sportifs, les jeux de casino en direct ou des titres innovants comme Paripesa Aviator, notre plateforme vous garantit une exp\u00e9rience fluide.<\/p>\n<h4><span class=\"ez-toc-section\" id=\"Accessibilite_partout_et_a_tout_moment\"><\/span>Accessibilit\u00e9 partout et \u00e0 tout moment<span class=\"ez-toc-section-end\"><\/span><\/h4>\n<p>Avec Paripesa mobile et l&#8217;application Paripesa, les joueurs peuvent profiter de leurs jeux pr\u00e9f\u00e9r\u00e9s en d\u00e9placement. Nos solutions mobiles sont optimis\u00e9es pour la vitesse, la fonctionnalit\u00e9 et la fiabilit\u00e9, ce qui facilite plus que jamais la participation au jeu.<\/p>\n<h3><span class=\"ez-toc-section\" id=\"Paripesa_Partners\"><\/span>Paripesa Partners<span class=\"ez-toc-section-end\"><\/span><\/h3>\n<p>Nous croyons au pouvoir de la collaboration et invitons les entreprises et les affili\u00e9s \u00e0 rejoindre le programme de partenariat Paripesa. En tant que partenaire, vous b\u00e9n\u00e9ficierez d&#8217;un mod\u00e8le de partage des revenus lucratif et d&#8217;outils exclusifs pour d\u00e9velopper votre r\u00e9seau. Rejoignez-nous pour offrir des exp\u00e9riences de jeu de premier ordre aux joueurs du monde entier.<\/p>\n<h2><span class=\"ez-toc-section\" id=\"Pourquoi_choisir_Paripesa\"><\/span>Pourquoi choisir Paripesa?<span class=\"ez-toc-section-end\"><\/span><\/h2>\n<ul>\n<li>Port\u00e9e mondiale &#8211; G\u00e9r\u00e9e par une \u00e9quipe poss\u00e9dant une vaste exp\u00e9rience du secteur, Paripesa International sert des acteurs dans plusieurs r\u00e9gions.<\/li>\n<li>Diverses options de jeu &#8211; Des jeux palpitants comme Paripesa Aviator aux paris en direct et aux jeux de casino, il y en a pour tous les go\u00fbts.<\/li>\n<li>Technologie innovante &#8211; Avec l&#8217;application Paripesa et la plateforme mobile Paripesa, nous offrons une commodit\u00e9 et une accessibilit\u00e9 in\u00e9gal\u00e9es.<\/li>\n<li>R\u00e9seau de partenaires de confiance &#8211; Gr\u00e2ce \u00e0 notre programme de partenaires Paripesa, nous travaillons avec des affili\u00e9s du monde entier pour offrir une exp\u00e9rience de jeu exceptionnelle.<\/li>\n<\/ul>\n<p>Rejoignez l&#8217;effervescence de Paripesa International d\u00e8s aujourd&#8217;hui. Visitez le site Web de Paripesa, t\u00e9l\u00e9chargez l&#8217;application Paripesa ou explorez les jeux en direct de Paripesa pour d\u00e9couvrir l&#8217;avenir du jeu en ligne !<\/p>\n<\/div><\/div><\/div><\/div><\/div><\/div><\/section>\n","protected":false},"excerpt":{"rendered":"\u00c0 propos de nous- Paripesa Bienvenue chez Paripesa International, une plateforme leader dans le secteur mondial des paris et des jeux en ligne. Nous nous engageons \u00e0 offrir un divertissement de premier ordre gr\u00e2ce \u00e0 une technologie innovante, des options de jeu diversifi\u00e9es et des exp\u00e9riences utilisateur in\u00e9gal\u00e9es. Que vous soyez un parieur chevronn\u00e9 ou...","protected":false},"author":1,"featured_media":0,"parent":0,"menu_order":0,"comment_status":"closed","ping_status":"closed","template":"","meta":{"footnotes":""},"class_list":["post-2468","page","type-page","status-publish","hentry"],"acf":[],"yoast_head":"<!-- This site is optimized with the Yoast SEO plugin v22.8 - https:\/\/yoast.com\/wordpress\/plugins\/seo\/ -->\n<title>\u00c0 propos de nous Paripesa | Votre plateforme de paris de confiance | Site officiel<\/title>\n<meta name=\"description\" content=\"D\u00e9couvrez Paripesa, une plateforme leader dans le domaine des paris sportifs et des jeux de casino. D\u00e9couvrez notre mission, nos fonctionnalit\u00e9s s\u00e9curis\u00e9es et notre engagement pour une exp\u00e9rience de jeu exceptionnelle.\" \/>\n<meta name=\"robots\" content=\"index, follow, max-snippet:-1, max-image-preview:large, max-video-preview:-1\" \/>\n<meta property=\"og:locale\" content=\"fr_FR\" \/>\n<meta property=\"og:type\" content=\"article\" \/>\n<meta property=\"og:url\" content=\"https:\/\/paripesawin.com\/about-us\/\" \/>\n<meta property=\"og:site_name\" content=\"Paripesa\" \/>\n<meta property=\"article:modified_time\" content=\"2024-12-04T11:47:58+00:00\" \/>\n<meta name=\"twitter:card\" content=\"summary_large_image\" \/>\n<meta name=\"twitter:label1\" content=\"Dur\u00e9e de lecture estim\u00e9e\" \/>\n\t<meta name=\"twitter:data1\" content=\"3 minutes\" \/>\n<script type=\"application\/ld+json\" class=\"yoast-schema-graph\">{\"@context\":\"https:\/\/schema.org\",\"@graph\":[{\"@type\":\"WebPage\",\"@id\":\"https:\/\/paripesawin.com\/about-us\/\",\"url\":\"https:\/\/paripesawin.com\/about-us\/\",\"name\":\"\u00c0 propos de nous Paripesa | Votre plateforme de paris de confiance | Site officiel\",\"isPartOf\":{\"@id\":\"https:\/\/paripesawin.com\/#website\"},\"datePublished\":\"2024-12-03T14:43:48+00:00\",\"dateModified\":\"2024-12-04T11:47:58+00:00\",\"description\":\"D\u00e9couvrez Paripesa, une plateforme leader dans le domaine des paris sportifs et des jeux de casino. D\u00e9couvrez notre mission, nos fonctionnalit\u00e9s s\u00e9curis\u00e9es et notre engagement pour une exp\u00e9rience de jeu exceptionnelle.\",\"breadcrumb\":{\"@id\":\"https:\/\/paripesawin.com\/about-us\/#breadcrumb\"},\"inLanguage\":\"fr-FR\",\"potentialAction\":[{\"@type\":\"ReadAction\",\"target\":[\"https:\/\/paripesawin.com\/about-us\/\"]}]},{\"@type\":\"BreadcrumbList\",\"@id\":\"https:\/\/paripesawin.com\/about-us\/#breadcrumb\",\"itemListElement\":[{\"@type\":\"ListItem\",\"position\":1,\"name\":\"Home\",\"item\":\"https:\/\/paripesawin.com\/fr\/\"},{\"@type\":\"ListItem\",\"position\":2,\"name\":\"\u00c0 propos de nous\"}]},{\"@type\":\"WebSite\",\"@id\":\"https:\/\/paripesawin.com\/#website\",\"url\":\"https:\/\/paripesawin.com\/\",\"name\":\"Paripesa\",\"description\":\"Paripesa\",\"potentialAction\":[{\"@type\":\"SearchAction\",\"target\":{\"@type\":\"EntryPoint\",\"urlTemplate\":\"https:\/\/paripesawin.com\/?s={search_term_string}\"},\"query-input\":\"required name=search_term_string\"}],\"inLanguage\":\"fr-FR\"}]}<\/script>\n<!-- \/ Yoast SEO plugin. -->","yoast_head_json":{"title":"\u00c0 propos de nous Paripesa | Votre plateforme de paris de confiance | Site officiel","description":"D\u00e9couvrez Paripesa, une plateforme leader dans le domaine des paris sportifs et des jeux de casino. D\u00e9couvrez notre mission, nos fonctionnalit\u00e9s s\u00e9curis\u00e9es et notre engagement pour une exp\u00e9rience de jeu exceptionnelle.","robots":{"index":"index","follow":"follow","max-snippet":"max-snippet:-1","max-image-preview":"max-image-preview:large","max-video-preview":"max-video-preview:-1"},"og_locale":"fr_FR","og_type":"article","og_url":"https:\/\/paripesawin.com\/about-us\/","og_site_name":"Paripesa","article_modified_time":"2024-12-04T11:47:58+00:00","twitter_card":"summary_large_image","twitter_misc":{"Dur\u00e9e de lecture estim\u00e9e":"3 minutes"},"schema":{"@context":"https:\/\/schema.org","@graph":[{"@type":"WebPage","@id":"https:\/\/paripesawin.com\/about-us\/","url":"https:\/\/paripesawin.com\/about-us\/","name":"\u00c0 propos de nous Paripesa | Votre plateforme de paris de confiance | Site officiel","isPartOf":{"@id":"https:\/\/paripesawin.com\/#website"},"datePublished":"2024-12-03T14:43:48+00:00","dateModified":"2024-12-04T11:47:58+00:00","description":"D\u00e9couvrez Paripesa, une plateforme leader dans le domaine des paris sportifs et des jeux de casino. D\u00e9couvrez notre mission, nos fonctionnalit\u00e9s s\u00e9curis\u00e9es et notre engagement pour une exp\u00e9rience de jeu exceptionnelle.","breadcrumb":{"@id":"https:\/\/paripesawin.com\/about-us\/#breadcrumb"},"inLanguage":"fr-FR","potentialAction":[{"@type":"ReadAction","target":["https:\/\/paripesawin.com\/about-us\/"]}]},{"@type":"BreadcrumbList","@id":"https:\/\/paripesawin.com\/about-us\/#breadcrumb","itemListElement":[{"@type":"ListItem","position":1,"name":"Home","item":"https:\/\/paripesawin.com\/fr\/"},{"@type":"ListItem","position":2,"name":"\u00c0 propos de nous"}]},{"@type":"WebSite","@id":"https:\/\/paripesawin.com\/#website","url":"https:\/\/paripesawin.com\/","name":"Paripesa","description":"Paripesa","potentialAction":[{"@type":"SearchAction","target":{"@type":"EntryPoint","urlTemplate":"https:\/\/paripesawin.com\/?s={search_term_string}"},"query-input":"required name=search_term_string"}],"inLanguage":"fr-FR"}]}},"_links":{"self":[{"href":"https:\/\/paripesawin.com\/fr\/wp-json\/wp\/v2\/pages\/2468","targetHints":{"allow":["GET"]}}],"collection":[{"href":"https:\/\/paripesawin.com\/fr\/wp-json\/wp\/v2\/pages"}],"about":[{"href":"https:\/\/paripesawin.com\/fr\/wp-json\/wp\/v2\/types\/page"}],"author":[{"embeddable":true,"href":"https:\/\/paripesawin.com\/fr\/wp-json\/wp\/v2\/users\/1"}],"replies":[{"embeddable":true,"href":"https:\/\/paripesawin.com\/fr\/wp-json\/wp\/v2\/comments?post=2468"}],"version-history":[{"count":1,"href":"https:\/\/paripesawin.com\/fr\/wp-json\/wp\/v2\/pages\/2468\/revisions"}],"predecessor-version":[{"id":2488,"href":"https:\/\/paripesawin.com\/fr\/wp-json\/wp\/v2\/pages\/2468\/revisions\/2488"}],"wp:attachment":[{"href":"https:\/\/paripesawin.com\/fr\/wp-json\/wp\/v2\/media?parent=2468"}],"curies":[{"name":"wp","href":"https:\/\/api.w.org\/{rel}","templated":true}]}}