{"id":2470,"date":"2024-12-03T18:05:02","date_gmt":"2024-12-03T15:05:02","guid":{"rendered":"https:\/\/paripesawin.com\/contactez-nous\/"},"modified":"2024-12-04T14:48:23","modified_gmt":"2024-12-04T11:48:23","slug":"contactez-nous","status":"publish","type":"page","link":"https:\/\/paripesawin.com\/fr\/contactez-nous\/","title":{"rendered":"Contactez-nous"},"content":{"rendered":"<section class=\"l-section wpb_row height_auto\"><div class=\"l-section-h i-cf\"><div class=\"g-cols vc_row via_grid cols_1 laptops-cols_inherit tablets-cols_inherit mobiles-cols_1 valign_top type_default stacking_default\"><div class=\"wpb_column vc_column_container\"><div class=\"vc_column-inner\"><div class=\"wpb_text_column\"><div class=\"wpb_wrapper\"><div id=\"ez-toc-container\" class=\"ez-toc-v2_0_65 counter-hierarchy ez-toc-counter ez-toc-light-blue ez-toc-container-direction\">\n<div class=\"ez-toc-title-container\">\n<span class=\"ez-toc-title-toggle\"><a href=\"#\" class=\"ez-toc-pull-right ez-toc-btn ez-toc-btn-xs ez-toc-btn-default ez-toc-toggle\" aria-label=\"Toggle Table of Content\"><span class=\"ez-toc-js-icon-con\"><span class=\"\"><span class=\"eztoc-hide\" style=\"display:none;\">Toggle<\/span><span class=\"ez-toc-icon-toggle-span\"><svg style=\"fill: #b5b5b5;color:#b5b5b5\" xmlns=\"http:\/\/www.w3.org\/2000\/svg\" class=\"list-377408\" width=\"20px\" height=\"20px\" viewBox=\"0 0 24 24\" fill=\"none\"><path d=\"M6 6H4v2h2V6zm14 0H8v2h12V6zM4 11h2v2H4v-2zm16 0H8v2h12v-2zM4 16h2v2H4v-2zm16 0H8v2h12v-2z\" fill=\"currentColor\"><\/path><\/svg><svg style=\"fill: #b5b5b5;color:#b5b5b5\" class=\"arrow-unsorted-368013\" xmlns=\"http:\/\/www.w3.org\/2000\/svg\" width=\"10px\" height=\"10px\" viewBox=\"0 0 24 24\" version=\"1.2\" baseProfile=\"tiny\"><path d=\"M18.2 9.3l-6.2-6.3-6.2 6.3c-.2.2-.3.4-.3.7s.1.5.3.7c.2.2.4.3.7.3h11c.3 0 .5-.1.7-.3.2-.2.3-.5.3-.7s-.1-.5-.3-.7zM5.8 14.7l6.2 6.3 6.2-6.3c.2-.2.3-.5.3-.7s-.1-.5-.3-.7c-.2-.2-.4-.3-.7-.3h-11c-.3 0-.5.1-.7.3-.2.2-.3.5-.3.7s.1.5.3.7z\"\/><\/svg><\/span><\/span><\/span><\/a><\/span><\/div>\n<nav><ul class='ez-toc-list ez-toc-list-level-1 ' ><li class='ez-toc-page-1 ez-toc-heading-level-1'><a class=\"ez-toc-link ez-toc-heading-1\" href=\"https:\/\/paripesawin.com\/fr\/contactez-nous\/#Contactez-nous_%E2%80%93_Paripesa\" title=\"Contactez-nous &#8211; Paripesa\">Contactez-nous &#8211; Paripesa<\/a><ul class='ez-toc-list-level-2' ><li class='ez-toc-heading-level-2'><a class=\"ez-toc-link ez-toc-heading-2\" href=\"https:\/\/paripesawin.com\/fr\/contactez-nous\/#Comment_contacter_le_service_client_de_Paripesa\" title=\"Comment contacter le service client de Paripesa\">Comment contacter le service client de Paripesa<\/a><ul class='ez-toc-list-level-3' ><li class='ez-toc-heading-level-3'><a class=\"ez-toc-link ez-toc-heading-3\" href=\"https:\/\/paripesawin.com\/fr\/contactez-nous\/#Visitez_le_siege_social_de_Paripesa\" title=\"Visitez le si\u00e8ge social de Paripesa\">Visitez le si\u00e8ge social de Paripesa<\/a><\/li><\/ul><\/li><li class='ez-toc-page-1 ez-toc-heading-level-2'><a class=\"ez-toc-link ez-toc-heading-4\" href=\"https:\/\/paripesawin.com\/fr\/contactez-nous\/#Pourquoi_choisir_le_support_client_Paripesa\" title=\"Pourquoi choisir le support client Paripesa ?\">Pourquoi choisir le support client Paripesa ?<\/a><\/li><li class='ez-toc-page-1 ez-toc-heading-level-2'><a class=\"ez-toc-link ez-toc-heading-5\" href=\"https:\/\/paripesawin.com\/fr\/contactez-nous\/#Un_soutien_pour_tous_vos_besoins\" title=\"Un soutien pour tous vos besoins\">Un soutien pour tous vos besoins<\/a><\/li><li class='ez-toc-page-1 ez-toc-heading-level-2'><a class=\"ez-toc-link ez-toc-heading-6\" href=\"https:\/\/paripesawin.com\/fr\/contactez-nous\/#Questions_frequemment_posees\" title=\"Questions fr\u00e9quemment pos\u00e9es\">Questions fr\u00e9quemment pos\u00e9es<\/a><\/li><\/ul><\/li><\/ul><\/nav><\/div>\n<h1><span class=\"ez-toc-section\" id=\"Contactez-nous_%E2%80%93_Paripesa\"><\/span>Contactez-nous &#8211; Paripesa<span class=\"ez-toc-section-end\"><\/span><\/h1>\n<p>Nous appr\u00e9cions chaque joueur et nous effor\u00e7ons de fournir une assistance de premier ordre pour garantir que votre exp\u00e9rience avec <a href=\"\/fr\/\">Paripesa<\/a> soit fluide et agr\u00e9able. Que vous recherchiez de l&#8217;aide pour votre compte, que vous ayez besoin d&#8217;aide pour vos transactions ou que vous souhaitiez en savoir plus sur nos jeux et fonctionnalit\u00e9s, notre \u00e9quipe d\u00e9di\u00e9e est l\u00e0 pour vous.<\/p>\n<h2><span class=\"ez-toc-section\" id=\"Comment_contacter_le_service_client_de_Paripesa\"><\/span>Comment contacter le service client de Paripesa<span class=\"ez-toc-section-end\"><\/span><\/h2>\n<ol>\n<li>Assistance t\u00e9l\u00e9phonique\n<ul>\n<li>Num\u00e9ro d&#8217;assistance t\u00e9l\u00e9phonique de Paripesa : Notre ligne d&#8217;assistance t\u00e9l\u00e9phonique est ouverte 24h\/24 et 7j\/7 pour r\u00e9pondre \u00e0 toutes vos questions ou r\u00e9soudre tout probl\u00e8me. Appelez-nous \u00e0 tout moment au +254 700 123 456 pour une assistance imm\u00e9diate.<\/li>\n<li>Num\u00e9ro de service client Paripesa : Pour une assistance personnalis\u00e9e, contactez notre \u00e9quipe du service client. Nous sommes l\u00e0 pour vous aider \u00e0 r\u00e9soudre vos questions rapidement et efficacement.<\/li>\n<\/ul>\n<\/li>\n<li>Assistance par chat<br \/>Num\u00e9ro WhatsApp de Paripesa : contactez-nous directement via WhatsApp pour une r\u00e9ponse pratique et rapide. Ce service est id\u00e9al pour une assistance en d\u00e9placement, que vous ayez besoin d&#8217;aide pour un d\u00e9p\u00f4t, un retrait ou des questions li\u00e9es au jeu.<\/li>\n<li>Assistance par e-mail<br \/>Envoyez vos demandes d\u00e9taill\u00e9es \u00e0 notre \u00e9quipe d&#8217;assistance par e-mail pour une assistance rapide et professionnelle. C&#8217;est le canal id\u00e9al pour les questions non urgentes ou plus complexes.<\/li>\n<\/ol>\n<h3><span class=\"ez-toc-section\" id=\"Visitez_le_siege_social_de_Paripesa\"><\/span>Visitez le si\u00e8ge social de Paripesa<span class=\"ez-toc-section-end\"><\/span><\/h3>\n<p>Pour une assistance en face \u00e0 face, vous pouvez vous rendre au si\u00e8ge social de Paripesa, o\u00f9 notre \u00e9quipe est pr\u00eate \u00e0 vous aider en cas de probl\u00e8me ou \u00e0 vous fournir des informations d\u00e9taill\u00e9es sur nos services. Que vous ayez des probl\u00e8mes techniques ou que vous ayez besoin d&#8217;une v\u00e9rification de compte, notre personnel assurera un processus fluide.<\/p>\n<h2><span class=\"ez-toc-section\" id=\"Pourquoi_choisir_le_support_client_Paripesa\"><\/span>Pourquoi choisir le support client Paripesa ?<span class=\"ez-toc-section-end\"><\/span><\/h2>\n<ul>\n<li>R\u00e9ponse rapide &#8211; Notre \u00e9quipe est disponible 24 heures sur 24 pour r\u00e9pondre \u00e0 vos pr\u00e9occupations.<\/li>\n<li>Assistance compl\u00e8te \u2013 Du d\u00e9pannage des probl\u00e8mes techniques \u00e0 l\u2019explication des r\u00e8gles du jeu, nous sommes l\u00e0 pour vous aider.<\/li>\n<li>Assistance localis\u00e9e &#8211; Nous offrons une assistance sur mesure dans toute l&#8217;Afrique de Paripesa, garantissant que vous obtenez l&#8217;aide dont vous avez besoin dans votre r\u00e9gion.<\/li>\n<\/ul>\n<h2><span class=\"ez-toc-section\" id=\"Un_soutien_pour_tous_vos_besoins\"><\/span>Un soutien pour tous vos besoins<span class=\"ez-toc-section-end\"><\/span><\/h2>\n<p>Chez Paripesa, votre satisfaction est notre priorit\u00e9. Que vous ayez des questions sur l&#8217;enregistrement d&#8217;un compte, que vous ayez besoin d&#8217;aide avec le num\u00e9ro de t\u00e9l\u00e9phone portable Paripesa pour les paiements ou que vous ayez besoin d&#8217;aide pour jouer, notre \u00e9quipe est pr\u00eate \u00e0 vous accompagner \u00e0 chaque \u00e9tape du processus. Pour plus de d\u00e9tails, visitez la section Contacts de Paripesa sur notre site Web ou contactez-nous via l&#8217;une des m\u00e9thodes r\u00e9pertori\u00e9es ci-dessus. Nous nous engageons \u00e0 rendre votre exp\u00e9rience avec Paripesa agr\u00e9able et sans stress !<\/p>\n<\/div><\/div><\/div><\/div><\/div><\/div><\/section><section class=\"l-section wpb_row height_auto\"><div class=\"l-section-h i-cf\"><div class=\"g-cols vc_row via_grid cols_1 laptops-cols_inherit tablets-cols_inherit mobiles-cols_1 valign_top type_default stacking_default\"><div class=\"wpb_column vc_column_container\"><div class=\"vc_column-inner\"><div class=\"w-separator size_medium\"><\/div><h2 class=\"w-text\"><span class=\"ez-toc-section\" id=\"Questions_frequemment_posees\"><\/span><span url class=\"w-text-h\"><span class=\"w-text-value\">Questions fr\u00e9quemment pos\u00e9es<\/span><\/span><span class=\"ez-toc-section-end\"><\/span><\/h2><div class=\"w-separator size_medium\"><\/div><div class=\"w-tabs style_default switch_click accordion has_scrolling\" style=\"--sections-title-size:inherit\"><div class=\"w-tabs-sections titles-align_none icon_chevron cpos_right\"><div class=\"w-tabs-section\" id=\"b53a\"><button class=\"w-tabs-section-header\" aria-controls=\"content-b53a\" aria-expanded=\"false\"><div class=\"w-tabs-section-title\">Comment puis-je contacter le service client de Paripesa ?<\/div><div class=\"w-tabs-section-control\"><\/div><\/button><div  class=\"w-tabs-section-content\" id=\"content-b53a\"><div class=\"w-tabs-section-content-h i-cf\"><div class=\"wpb_text_column\"><div class=\"wpb_wrapper\"><p>Vous pouvez nous contacter via le num\u00e9ro d&#8217;assistance de Paripesa, le num\u00e9ro WhatsApp ou par e-mail. Vous pouvez \u00e9galement vous rendre au si\u00e8ge social de Paripesa pour une assistance en personne.<\/p>\n<\/div><\/div><\/div><\/div><\/div><div class=\"w-tabs-section\" id=\"o675\"><button class=\"w-tabs-section-header\" aria-controls=\"content-o675\" aria-expanded=\"false\"><div class=\"w-tabs-section-title\">Quel est le num\u00e9ro de t\u00e9l\u00e9phone portable de Paripesa pour le support client ?<\/div><div class=\"w-tabs-section-control\"><\/div><\/button><div  class=\"w-tabs-section-content\" id=\"content-o675\"><div class=\"w-tabs-section-content-h i-cf\"><div class=\"wpb_text_column\"><div class=\"wpb_wrapper\"><p>Notre \u00e9quipe d&#8217;assistance est joignable au +254 700 123 456, disponible 24h\/24 et 7j\/7 pour tous vos besoins.<\/p>\n<\/div><\/div><\/div><\/div><\/div><div class=\"w-tabs-section\" id=\"n796\"><button class=\"w-tabs-section-header\" aria-controls=\"content-n796\" aria-expanded=\"false\"><div class=\"w-tabs-section-title\">Paripesa fournit-il une assistance WhatsApp ?<\/div><div class=\"w-tabs-section-control\"><\/div><\/button><div  class=\"w-tabs-section-content\" id=\"content-n796\"><div class=\"w-tabs-section-content-h i-cf\"><div class=\"wpb_text_column\"><div class=\"wpb_wrapper\"><p>Oui, vous pouvez discuter avec nous directement via le num\u00e9ro WhatsApp de Paripesa pour une assistance rapide et facile.<\/p>\n<\/div><\/div><\/div><\/div><\/div><\/div><\/div><\/div><\/div><\/div><\/div><\/section>\n","protected":false},"excerpt":{"rendered":"Contactez-nous &#8211; Paripesa Nous appr\u00e9cions chaque joueur et nous effor\u00e7ons de fournir une assistance de premier ordre pour garantir que votre exp\u00e9rience avec Paripesa soit fluide et agr\u00e9able. Que vous recherchiez de l&#8217;aide pour votre compte, que vous ayez besoin d&#8217;aide pour vos transactions ou que vous souhaitiez en savoir plus sur nos jeux et...","protected":false},"author":1,"featured_media":0,"parent":0,"menu_order":0,"comment_status":"closed","ping_status":"closed","template":"","meta":{"footnotes":""},"class_list":["post-2470","page","type-page","status-publish","hentry"],"acf":[],"yoast_head":"<!-- This site is optimized with the Yoast SEO plugin v22.8 - https:\/\/yoast.com\/wordpress\/plugins\/seo\/ -->\n<title>Contactez-nous - Paripesa | Assistance et support 24h\/24 et 7j\/7 | Site officiel<\/title>\n<meta name=\"description\" content=\"Besoin d&#039;aide ? Contactez Paripesa pour une assistance 24h\/24 et 7j\/7. Obtenez de l&#039;aide concernant votre compte, vos paiements, vos paris ou toute autre demande de renseignements gr\u00e2ce \u00e0 notre \u00e9quipe de service client fiable.\" \/>\n<meta name=\"robots\" content=\"index, follow, max-snippet:-1, max-image-preview:large, max-video-preview:-1\" \/>\n<meta property=\"og:locale\" content=\"fr_FR\" \/>\n<meta property=\"og:type\" content=\"article\" \/>\n<meta property=\"og:url\" content=\"https:\/\/paripesawin.com\/contact-us\/\" \/>\n<meta property=\"og:site_name\" content=\"Paripesa\" \/>\n<meta property=\"article:modified_time\" content=\"2024-12-04T11:48:23+00:00\" \/>\n<meta name=\"twitter:card\" content=\"summary_large_image\" \/>\n<meta name=\"twitter:label1\" content=\"Dur\u00e9e de lecture estim\u00e9e\" \/>\n\t<meta name=\"twitter:data1\" content=\"3 minutes\" \/>\n<script type=\"application\/ld+json\" class=\"yoast-schema-graph\">{\"@context\":\"https:\/\/schema.org\",\"@graph\":[{\"@type\":\"WebPage\",\"@id\":\"https:\/\/paripesawin.com\/contact-us\/\",\"url\":\"https:\/\/paripesawin.com\/contact-us\/\",\"name\":\"Contactez-nous - Paripesa | Assistance et support 24h\/24 et 7j\/7 | Site officiel\",\"isPartOf\":{\"@id\":\"https:\/\/paripesawin.com\/#website\"},\"datePublished\":\"2024-12-03T15:05:02+00:00\",\"dateModified\":\"2024-12-04T11:48:23+00:00\",\"description\":\"Besoin d'aide ? Contactez Paripesa pour une assistance 24h\/24 et 7j\/7. Obtenez de l'aide concernant votre compte, vos paiements, vos paris ou toute autre demande de renseignements gr\u00e2ce \u00e0 notre \u00e9quipe de service client fiable.\",\"breadcrumb\":{\"@id\":\"https:\/\/paripesawin.com\/contact-us\/#breadcrumb\"},\"inLanguage\":\"fr-FR\",\"potentialAction\":[{\"@type\":\"ReadAction\",\"target\":[\"https:\/\/paripesawin.com\/contact-us\/\"]}]},{\"@type\":\"BreadcrumbList\",\"@id\":\"https:\/\/paripesawin.com\/contact-us\/#breadcrumb\",\"itemListElement\":[{\"@type\":\"ListItem\",\"position\":1,\"name\":\"Home\",\"item\":\"https:\/\/paripesawin.com\/fr\/\"},{\"@type\":\"ListItem\",\"position\":2,\"name\":\"Contactez-nous\"}]},{\"@type\":\"WebSite\",\"@id\":\"https:\/\/paripesawin.com\/#website\",\"url\":\"https:\/\/paripesawin.com\/\",\"name\":\"Paripesa\",\"description\":\"Paripesa\",\"potentialAction\":[{\"@type\":\"SearchAction\",\"target\":{\"@type\":\"EntryPoint\",\"urlTemplate\":\"https:\/\/paripesawin.com\/?s={search_term_string}\"},\"query-input\":\"required name=search_term_string\"}],\"inLanguage\":\"fr-FR\"}]}<\/script>\n<!-- \/ Yoast SEO plugin. -->","yoast_head_json":{"title":"Contactez-nous - Paripesa | Assistance et support 24h\/24 et 7j\/7 | Site officiel","description":"Besoin d'aide ? Contactez Paripesa pour une assistance 24h\/24 et 7j\/7. Obtenez de l'aide concernant votre compte, vos paiements, vos paris ou toute autre demande de renseignements gr\u00e2ce \u00e0 notre \u00e9quipe de service client fiable.","robots":{"index":"index","follow":"follow","max-snippet":"max-snippet:-1","max-image-preview":"max-image-preview:large","max-video-preview":"max-video-preview:-1"},"og_locale":"fr_FR","og_type":"article","og_url":"https:\/\/paripesawin.com\/contact-us\/","og_site_name":"Paripesa","article_modified_time":"2024-12-04T11:48:23+00:00","twitter_card":"summary_large_image","twitter_misc":{"Dur\u00e9e de lecture estim\u00e9e":"3 minutes"},"schema":{"@context":"https:\/\/schema.org","@graph":[{"@type":"WebPage","@id":"https:\/\/paripesawin.com\/contact-us\/","url":"https:\/\/paripesawin.com\/contact-us\/","name":"Contactez-nous - Paripesa | Assistance et support 24h\/24 et 7j\/7 | Site officiel","isPartOf":{"@id":"https:\/\/paripesawin.com\/#website"},"datePublished":"2024-12-03T15:05:02+00:00","dateModified":"2024-12-04T11:48:23+00:00","description":"Besoin d'aide ? Contactez Paripesa pour une assistance 24h\/24 et 7j\/7. Obtenez de l'aide concernant votre compte, vos paiements, vos paris ou toute autre demande de renseignements gr\u00e2ce \u00e0 notre \u00e9quipe de service client fiable.","breadcrumb":{"@id":"https:\/\/paripesawin.com\/contact-us\/#breadcrumb"},"inLanguage":"fr-FR","potentialAction":[{"@type":"ReadAction","target":["https:\/\/paripesawin.com\/contact-us\/"]}]},{"@type":"BreadcrumbList","@id":"https:\/\/paripesawin.com\/contact-us\/#breadcrumb","itemListElement":[{"@type":"ListItem","position":1,"name":"Home","item":"https:\/\/paripesawin.com\/fr\/"},{"@type":"ListItem","position":2,"name":"Contactez-nous"}]},{"@type":"WebSite","@id":"https:\/\/paripesawin.com\/#website","url":"https:\/\/paripesawin.com\/","name":"Paripesa","description":"Paripesa","potentialAction":[{"@type":"SearchAction","target":{"@type":"EntryPoint","urlTemplate":"https:\/\/paripesawin.com\/?s={search_term_string}"},"query-input":"required name=search_term_string"}],"inLanguage":"fr-FR"}]}},"_links":{"self":[{"href":"https:\/\/paripesawin.com\/fr\/wp-json\/wp\/v2\/pages\/2470","targetHints":{"allow":["GET"]}}],"collection":[{"href":"https:\/\/paripesawin.com\/fr\/wp-json\/wp\/v2\/pages"}],"about":[{"href":"https:\/\/paripesawin.com\/fr\/wp-json\/wp\/v2\/types\/page"}],"author":[{"embeddable":true,"href":"https:\/\/paripesawin.com\/fr\/wp-json\/wp\/v2\/users\/1"}],"replies":[{"embeddable":true,"href":"https:\/\/paripesawin.com\/fr\/wp-json\/wp\/v2\/comments?post=2470"}],"version-history":[{"count":1,"href":"https:\/\/paripesawin.com\/fr\/wp-json\/wp\/v2\/pages\/2470\/revisions"}],"predecessor-version":[{"id":2489,"href":"https:\/\/paripesawin.com\/fr\/wp-json\/wp\/v2\/pages\/2470\/revisions\/2489"}],"wp:attachment":[{"href":"https:\/\/paripesawin.com\/fr\/wp-json\/wp\/v2\/media?parent=2470"}],"curies":[{"name":"wp","href":"https:\/\/api.w.org\/{rel}","templated":true}]}}