{"id":2476,"date":"2024-12-03T18:22:43","date_gmt":"2024-12-03T15:22:43","guid":{"rendered":"https:\/\/paripesawin.com\/politique-de-confidentialite\/"},"modified":"2024-12-04T14:48:49","modified_gmt":"2024-12-04T11:48:49","slug":"politique-de-confidentialite","status":"publish","type":"page","link":"https:\/\/paripesawin.com\/fr\/politique-de-confidentialite\/","title":{"rendered":"politique de confidentialit\u00e9"},"content":{"rendered":"<section class=\"l-section wpb_row height_auto\"><div class=\"l-section-h i-cf\"><div class=\"g-cols vc_row via_grid cols_1 laptops-cols_inherit tablets-cols_inherit mobiles-cols_1 valign_top type_default stacking_default\"><div class=\"wpb_column vc_column_container\"><div class=\"vc_column-inner\"><div class=\"wpb_text_column\"><div class=\"wpb_wrapper\"><div id=\"ez-toc-container\" class=\"ez-toc-v2_0_65 counter-hierarchy ez-toc-counter ez-toc-light-blue ez-toc-container-direction\">\n<div class=\"ez-toc-title-container\">\n<span class=\"ez-toc-title-toggle\"><a href=\"#\" class=\"ez-toc-pull-right ez-toc-btn ez-toc-btn-xs ez-toc-btn-default ez-toc-toggle\" aria-label=\"Toggle Table of Content\"><span class=\"ez-toc-js-icon-con\"><span class=\"\"><span class=\"eztoc-hide\" style=\"display:none;\">Toggle<\/span><span class=\"ez-toc-icon-toggle-span\"><svg style=\"fill: #b5b5b5;color:#b5b5b5\" xmlns=\"http:\/\/www.w3.org\/2000\/svg\" class=\"list-377408\" width=\"20px\" height=\"20px\" viewBox=\"0 0 24 24\" fill=\"none\"><path d=\"M6 6H4v2h2V6zm14 0H8v2h12V6zM4 11h2v2H4v-2zm16 0H8v2h12v-2zM4 16h2v2H4v-2zm16 0H8v2h12v-2z\" fill=\"currentColor\"><\/path><\/svg><svg style=\"fill: #b5b5b5;color:#b5b5b5\" class=\"arrow-unsorted-368013\" xmlns=\"http:\/\/www.w3.org\/2000\/svg\" width=\"10px\" height=\"10px\" viewBox=\"0 0 24 24\" version=\"1.2\" baseProfile=\"tiny\"><path d=\"M18.2 9.3l-6.2-6.3-6.2 6.3c-.2.2-.3.4-.3.7s.1.5.3.7c.2.2.4.3.7.3h11c.3 0 .5-.1.7-.3.2-.2.3-.5.3-.7s-.1-.5-.3-.7zM5.8 14.7l6.2 6.3 6.2-6.3c.2-.2.3-.5.3-.7s-.1-.5-.3-.7c-.2-.2-.4-.3-.7-.3h-11c-.3 0-.5.1-.7.3-.2.2-.3.5-.3.7s.1.5.3.7z\"\/><\/svg><\/span><\/span><\/span><\/a><\/span><\/div>\n<nav><ul class='ez-toc-list ez-toc-list-level-1 ' ><li class='ez-toc-page-1 ez-toc-heading-level-1'><a class=\"ez-toc-link ez-toc-heading-1\" href=\"https:\/\/paripesawin.com\/fr\/politique-de-confidentialite\/#politique_de_confidentialite_%E2%80%93_Paripesa\" title=\"politique de confidentialit\u00e9 &#8211; Paripesa\">politique de confidentialit\u00e9 &#8211; Paripesa<\/a><ul class='ez-toc-list-level-2' ><li class='ez-toc-heading-level-2'><a class=\"ez-toc-link ez-toc-heading-2\" href=\"https:\/\/paripesawin.com\/fr\/politique-de-confidentialite\/#Informations_que_nous_collectons\" title=\"Informations que nous collectons\">Informations que nous collectons<\/a><\/li><li class='ez-toc-page-1 ez-toc-heading-level-2'><a class=\"ez-toc-link ez-toc-heading-3\" href=\"https:\/\/paripesawin.com\/fr\/politique-de-confidentialite\/#Comment_nous_utilisons_vos_informations\" title=\"Comment nous utilisons vos informations\">Comment nous utilisons vos informations<\/a><ul class='ez-toc-list-level-3' ><li class='ez-toc-heading-level-3'><a class=\"ez-toc-link ez-toc-heading-4\" href=\"https:\/\/paripesawin.com\/fr\/politique-de-confidentialite\/#Partage_de_donnees\" title=\"Partage de donn\u00e9es\">Partage de donn\u00e9es<\/a><\/li><li class='ez-toc-page-1 ez-toc-heading-level-3'><a class=\"ez-toc-link ez-toc-heading-5\" href=\"https:\/\/paripesawin.com\/fr\/politique-de-confidentialite\/#Securite_des_donnees\" title=\"S\u00e9curit\u00e9 des donn\u00e9es\">S\u00e9curit\u00e9 des donn\u00e9es<\/a><\/li><li class='ez-toc-page-1 ez-toc-heading-level-3'><a class=\"ez-toc-link ez-toc-heading-6\" href=\"https:\/\/paripesawin.com\/fr\/politique-de-confidentialite\/#Vos_droits\" title=\"Vos droits\">Vos droits<\/a><ul class='ez-toc-list-level-4' ><li class='ez-toc-heading-level-4'><a class=\"ez-toc-link ez-toc-heading-7\" href=\"https:\/\/paripesawin.com\/fr\/politique-de-confidentialite\/#Utilisation_du_logo_et_de_la_marque_Paripesa\" title=\"Utilisation du logo et de la marque Paripesa\">Utilisation du logo et de la marque Paripesa<\/a><\/li><li class='ez-toc-page-1 ez-toc-heading-level-4'><a class=\"ez-toc-link ez-toc-heading-8\" href=\"https:\/\/paripesawin.com\/fr\/politique-de-confidentialite\/#Modifications_de_la_politique_de_confidentialite\" title=\"Modifications de la politique de confidentialit\u00e9\">Modifications de la politique de confidentialit\u00e9<\/a><\/li><\/ul><\/li><\/ul><\/li><li class='ez-toc-page-1 ez-toc-heading-level-2'><a class=\"ez-toc-link ez-toc-heading-9\" href=\"https:\/\/paripesawin.com\/fr\/politique-de-confidentialite\/#Contactez-nous\" title=\"Contactez-nous\">Contactez-nous<\/a><\/li><\/ul><\/li><\/ul><\/nav><\/div>\n<h1><span class=\"ez-toc-section\" id=\"politique_de_confidentialite_%E2%80%93_Paripesa\"><\/span>politique de confidentialit\u00e9 &#8211; Paripesa<span class=\"ez-toc-section-end\"><\/span><\/h1>\n<p>Chez <a href=\"\/fr\/\">Paripesa<\/a>, votre vie priv\u00e9e est notre priorit\u00e9 absolue. Cette politique de confidentialit\u00e9 d\u00e9crit la mani\u00e8re dont nous collectons, utilisons et prot\u00e9geons vos informations personnelles lorsque vous utilisez le site de paris Paripesa, l&#8217;application mondiale Paripesa et nos diff\u00e9rents services. En utilisant notre plateforme, vous acceptez les pratiques d\u00e9crites dans cette politique.<\/p>\n<h2><span class=\"ez-toc-section\" id=\"Informations_que_nous_collectons\"><\/span>Informations que nous collectons<span class=\"ez-toc-section-end\"><\/span><\/h2>\n<ul>\n<li>Informations personnelles<br \/>Lorsque vous cr\u00e9ez un compte sur Paripesa KE ou sur le casino Paripesa, nous collectons des informations personnelles telles que votre nom, votre adresse e-mail, votre num\u00e9ro de t\u00e9l\u00e9phone et votre date de naissance. Ces donn\u00e9es garantissent la s\u00e9curit\u00e9 de votre compte et le respect des exigences l\u00e9gales.<\/li>\n<li>Donn\u00e9es de transaction<br \/>Pour les d\u00e9p\u00f4ts et les retraits, nous collectons les informations de paiement, y compris votre utilisation du service de paiement de factures Paripesa. Cela nous permet de traiter les transactions de mani\u00e8re efficace et s\u00e9curis\u00e9e.<\/li>\n<li>Donn\u00e9es d&#8217;utilisation<br \/>Nous surveillons vos interactions avec des fonctionnalit\u00e9s telles que les paris en direct de Paripesa et d&#8217;autres services pour am\u00e9liorer votre exp\u00e9rience de jeu.<\/li>\n<\/ul>\n<h2><span class=\"ez-toc-section\" id=\"Comment_nous_utilisons_vos_informations\"><\/span>Comment nous utilisons vos informations<span class=\"ez-toc-section-end\"><\/span><\/h2>\n<ul>\n<li>Gestion de compte &#8211; Pour g\u00e9rer votre compte et donner acc\u00e8s aux jeux et services, tels que Paripesa KE et le casino Paripesa.<\/li>\n<li>Traitement des paiements &#8211; Pour garantir des transactions s\u00e9curis\u00e9es via des m\u00e9thodes telles que le syst\u00e8me de paiement Paripesa.<\/li>\n<li>Optimisation de la plateforme &#8211; Pour analyser le comportement des utilisateurs et am\u00e9liorer les performances du site de paris Paripesa et de l&#8217;application mondiale Paripesa.<\/li>\n<\/ul>\n<h3><span class=\"ez-toc-section\" id=\"Partage_de_donnees\"><\/span>Partage de donn\u00e9es<span class=\"ez-toc-section-end\"><\/span><\/h3>\n<p>Nous respectons votre vie priv\u00e9e et ne partageons pas vos informations avec des tiers non autoris\u00e9s. Cependant, nous pouvons partager des donn\u00e9es avec des partenaires et des prestataires de services de confiance de Paripesa pour fournir certaines fonctionnalit\u00e9s, telles que le traitement des paiements ou le marketing.<\/p>\n<h3><span class=\"ez-toc-section\" id=\"Securite_des_donnees\"><\/span>S\u00e9curit\u00e9 des donn\u00e9es<span class=\"ez-toc-section-end\"><\/span><\/h3>\n<p>Vos donn\u00e9es sont stock\u00e9es en toute s\u00e9curit\u00e9 et prot\u00e9g\u00e9es par un cryptage avanc\u00e9. Le propri\u00e9taire de Paripesa s&#8217;assure que toutes les mesures sont en place pour emp\u00eacher tout acc\u00e8s non autoris\u00e9 ou toute utilisation abusive des informations personnelles.<\/p>\n<h3><span class=\"ez-toc-section\" id=\"Vos_droits\"><\/span>Vos droits<span class=\"ez-toc-section-end\"><\/span><\/h3>\n<p>En tant qu&#8217;utilisateur de Paripesa KE, vous avez le droit de :<\/p>\n<ul>\n<li>Acc\u00e9dez et mettez \u00e0 jour vos informations personnelles.<\/li>\n<li>Demandez la suppression de votre compte.<\/li>\n<li>D\u00e9sactivez les communications marketing de Paripesa ou de ses partenaires.<\/li>\n<\/ul>\n<h4><span class=\"ez-toc-section\" id=\"Utilisation_du_logo_et_de_la_marque_Paripesa\"><\/span>Utilisation du logo et de la marque Paripesa<span class=\"ez-toc-section-end\"><\/span><\/h4>\n<p>Le logo et la marque Paripesa sont prot\u00e9g\u00e9s par les lois sur la propri\u00e9t\u00e9 intellectuelle. Toute utilisation non autoris\u00e9e du logo, du nom ou des \u00e9l\u00e9ments associ\u00e9s \u00e0 Paripesa est strictement interdite.<\/p>\n<h4><span class=\"ez-toc-section\" id=\"Modifications_de_la_politique_de_confidentialite\"><\/span>Modifications de la politique de confidentialit\u00e9<span class=\"ez-toc-section-end\"><\/span><\/h4>\n<p>Cette politique de confidentialit\u00e9 peut \u00eatre mise \u00e0 jour p\u00e9riodiquement pour refl\u00e9ter les changements dans nos services ou les exigences l\u00e9gales. Les utilisateurs seront inform\u00e9s de tout changement important via le site de paris Paripesa ou l&#8217;application mondiale Paripesa.<\/p>\n<h2><span class=\"ez-toc-section\" id=\"Contactez-nous\"><\/span>Contactez-nous<span class=\"ez-toc-section-end\"><\/span><\/h2>\n<p>Si vous avez des questions sur cette politique de confidentialit\u00e9 ou sur la mani\u00e8re dont vos donn\u00e9es sont trait\u00e9es, contactez-nous via le support de chat en direct de Paripesa ou contactez l&#8217;un de nos partenaires de confiance Paripesa. Votre confiance est importante pour nous et Paripesa reste d\u00e9termin\u00e9 \u00e0 prot\u00e9ger votre vie priv\u00e9e tout en offrant une exp\u00e9rience de jeu exceptionnelle.<\/p>\n<\/div><\/div><\/div><\/div><\/div><\/div><\/section>\n","protected":false},"excerpt":{"rendered":"politique de confidentialit\u00e9 &#8211; Paripesa Chez Paripesa, votre vie priv\u00e9e est notre priorit\u00e9 absolue. Cette politique de confidentialit\u00e9 d\u00e9crit la mani\u00e8re dont nous collectons, utilisons et prot\u00e9geons vos informations personnelles lorsque vous utilisez le site de paris Paripesa, l&#8217;application mondiale Paripesa et nos diff\u00e9rents services. En utilisant notre plateforme, vous acceptez les pratiques d\u00e9crites dans...","protected":false},"author":1,"featured_media":0,"parent":0,"menu_order":0,"comment_status":"closed","ping_status":"closed","template":"","meta":{"footnotes":""},"class_list":["post-2476","page","type-page","status-publish","hentry"],"acf":[],"yoast_head":"<!-- This site is optimized with the Yoast SEO plugin v22.8 - https:\/\/yoast.com\/wordpress\/plugins\/seo\/ -->\n<title>Politique de confidentialit\u00e9 - Paripesa | Vos donn\u00e9es, s\u00e9curis\u00e9es et prot\u00e9g\u00e9es | Officiel<\/title>\n<meta name=\"description\" content=\"Lisez la politique de confidentialit\u00e9 de Paripesa. D\u00e9couvrez comment nous prot\u00e9geons vos donn\u00e9es, garantissons leur s\u00e9curit\u00e9 et g\u00e9rons les informations de mani\u00e8re responsable pour une exp\u00e9rience de jeu s\u00e9curis\u00e9e.\" \/>\n<meta name=\"robots\" content=\"index, follow, max-snippet:-1, max-image-preview:large, max-video-preview:-1\" \/>\n<meta property=\"og:locale\" content=\"fr_FR\" \/>\n<meta property=\"og:type\" content=\"article\" \/>\n<meta property=\"og:url\" content=\"https:\/\/paripesawin.com\/privacy-policy\/\" \/>\n<meta property=\"og:site_name\" content=\"Paripesa\" \/>\n<meta property=\"article:modified_time\" content=\"2024-12-04T11:48:49+00:00\" \/>\n<meta name=\"twitter:card\" content=\"summary_large_image\" \/>\n<meta name=\"twitter:label1\" content=\"Dur\u00e9e de lecture estim\u00e9e\" \/>\n\t<meta name=\"twitter:data1\" content=\"3 minutes\" \/>\n<script type=\"application\/ld+json\" class=\"yoast-schema-graph\">{\"@context\":\"https:\/\/schema.org\",\"@graph\":[{\"@type\":\"WebPage\",\"@id\":\"https:\/\/paripesawin.com\/privacy-policy\/\",\"url\":\"https:\/\/paripesawin.com\/privacy-policy\/\",\"name\":\"Politique de confidentialit\u00e9 - Paripesa | Vos donn\u00e9es, s\u00e9curis\u00e9es et prot\u00e9g\u00e9es | Officiel\",\"isPartOf\":{\"@id\":\"https:\/\/paripesawin.com\/#website\"},\"datePublished\":\"2024-12-03T15:22:43+00:00\",\"dateModified\":\"2024-12-04T11:48:49+00:00\",\"description\":\"Lisez la politique de confidentialit\u00e9 de Paripesa. D\u00e9couvrez comment nous prot\u00e9geons vos donn\u00e9es, garantissons leur s\u00e9curit\u00e9 et g\u00e9rons les informations de mani\u00e8re responsable pour une exp\u00e9rience de jeu s\u00e9curis\u00e9e.\",\"breadcrumb\":{\"@id\":\"https:\/\/paripesawin.com\/privacy-policy\/#breadcrumb\"},\"inLanguage\":\"fr-FR\",\"potentialAction\":[{\"@type\":\"ReadAction\",\"target\":[\"https:\/\/paripesawin.com\/privacy-policy\/\"]}]},{\"@type\":\"BreadcrumbList\",\"@id\":\"https:\/\/paripesawin.com\/privacy-policy\/#breadcrumb\",\"itemListElement\":[{\"@type\":\"ListItem\",\"position\":1,\"name\":\"Home\",\"item\":\"https:\/\/paripesawin.com\/fr\/\"},{\"@type\":\"ListItem\",\"position\":2,\"name\":\"politique de confidentialit\u00e9\"}]},{\"@type\":\"WebSite\",\"@id\":\"https:\/\/paripesawin.com\/#website\",\"url\":\"https:\/\/paripesawin.com\/\",\"name\":\"Paripesa\",\"description\":\"Paripesa\",\"potentialAction\":[{\"@type\":\"SearchAction\",\"target\":{\"@type\":\"EntryPoint\",\"urlTemplate\":\"https:\/\/paripesawin.com\/?s={search_term_string}\"},\"query-input\":\"required name=search_term_string\"}],\"inLanguage\":\"fr-FR\"}]}<\/script>\n<!-- \/ Yoast SEO plugin. -->","yoast_head_json":{"title":"Politique de confidentialit\u00e9 - Paripesa | Vos donn\u00e9es, s\u00e9curis\u00e9es et prot\u00e9g\u00e9es | Officiel","description":"Lisez la politique de confidentialit\u00e9 de Paripesa. D\u00e9couvrez comment nous prot\u00e9geons vos donn\u00e9es, garantissons leur s\u00e9curit\u00e9 et g\u00e9rons les informations de mani\u00e8re responsable pour une exp\u00e9rience de jeu s\u00e9curis\u00e9e.","robots":{"index":"index","follow":"follow","max-snippet":"max-snippet:-1","max-image-preview":"max-image-preview:large","max-video-preview":"max-video-preview:-1"},"og_locale":"fr_FR","og_type":"article","og_url":"https:\/\/paripesawin.com\/privacy-policy\/","og_site_name":"Paripesa","article_modified_time":"2024-12-04T11:48:49+00:00","twitter_card":"summary_large_image","twitter_misc":{"Dur\u00e9e de lecture estim\u00e9e":"3 minutes"},"schema":{"@context":"https:\/\/schema.org","@graph":[{"@type":"WebPage","@id":"https:\/\/paripesawin.com\/privacy-policy\/","url":"https:\/\/paripesawin.com\/privacy-policy\/","name":"Politique de confidentialit\u00e9 - Paripesa | Vos donn\u00e9es, s\u00e9curis\u00e9es et prot\u00e9g\u00e9es | Officiel","isPartOf":{"@id":"https:\/\/paripesawin.com\/#website"},"datePublished":"2024-12-03T15:22:43+00:00","dateModified":"2024-12-04T11:48:49+00:00","description":"Lisez la politique de confidentialit\u00e9 de Paripesa. D\u00e9couvrez comment nous prot\u00e9geons vos donn\u00e9es, garantissons leur s\u00e9curit\u00e9 et g\u00e9rons les informations de mani\u00e8re responsable pour une exp\u00e9rience de jeu s\u00e9curis\u00e9e.","breadcrumb":{"@id":"https:\/\/paripesawin.com\/privacy-policy\/#breadcrumb"},"inLanguage":"fr-FR","potentialAction":[{"@type":"ReadAction","target":["https:\/\/paripesawin.com\/privacy-policy\/"]}]},{"@type":"BreadcrumbList","@id":"https:\/\/paripesawin.com\/privacy-policy\/#breadcrumb","itemListElement":[{"@type":"ListItem","position":1,"name":"Home","item":"https:\/\/paripesawin.com\/fr\/"},{"@type":"ListItem","position":2,"name":"politique de confidentialit\u00e9"}]},{"@type":"WebSite","@id":"https:\/\/paripesawin.com\/#website","url":"https:\/\/paripesawin.com\/","name":"Paripesa","description":"Paripesa","potentialAction":[{"@type":"SearchAction","target":{"@type":"EntryPoint","urlTemplate":"https:\/\/paripesawin.com\/?s={search_term_string}"},"query-input":"required name=search_term_string"}],"inLanguage":"fr-FR"}]}},"_links":{"self":[{"href":"https:\/\/paripesawin.com\/fr\/wp-json\/wp\/v2\/pages\/2476","targetHints":{"allow":["GET"]}}],"collection":[{"href":"https:\/\/paripesawin.com\/fr\/wp-json\/wp\/v2\/pages"}],"about":[{"href":"https:\/\/paripesawin.com\/fr\/wp-json\/wp\/v2\/types\/page"}],"author":[{"embeddable":true,"href":"https:\/\/paripesawin.com\/fr\/wp-json\/wp\/v2\/users\/1"}],"replies":[{"embeddable":true,"href":"https:\/\/paripesawin.com\/fr\/wp-json\/wp\/v2\/comments?post=2476"}],"version-history":[{"count":1,"href":"https:\/\/paripesawin.com\/fr\/wp-json\/wp\/v2\/pages\/2476\/revisions"}],"predecessor-version":[{"id":2490,"href":"https:\/\/paripesawin.com\/fr\/wp-json\/wp\/v2\/pages\/2476\/revisions\/2490"}],"wp:attachment":[{"href":"https:\/\/paripesawin.com\/fr\/wp-json\/wp\/v2\/media?parent=2476"}],"curies":[{"name":"wp","href":"https:\/\/api.w.org\/{rel}","templated":true}]}}