{"id":2478,"date":"2024-12-03T16:06:56","date_gmt":"2024-12-03T13:06:56","guid":{"rendered":"https:\/\/paripesawin.com\/jeu-responsable\/"},"modified":"2024-12-04T14:49:12","modified_gmt":"2024-12-04T11:49:12","slug":"jeu-responsable","status":"publish","type":"page","link":"https:\/\/paripesawin.com\/fr\/jeu-responsable\/","title":{"rendered":"Jeu Responsable"},"content":{"rendered":"<section class=\"l-section wpb_row height_auto\"><div class=\"l-section-h i-cf\"><div class=\"g-cols vc_row via_grid cols_1 laptops-cols_inherit tablets-cols_inherit mobiles-cols_1 valign_top type_default stacking_default\"><div class=\"wpb_column vc_column_container\"><div class=\"vc_column-inner\"><div class=\"wpb_text_column\"><div class=\"wpb_wrapper\"><div id=\"ez-toc-container\" class=\"ez-toc-v2_0_65 counter-hierarchy ez-toc-counter ez-toc-light-blue ez-toc-container-direction\">\n<div class=\"ez-toc-title-container\">\n<span class=\"ez-toc-title-toggle\"><a href=\"#\" class=\"ez-toc-pull-right ez-toc-btn ez-toc-btn-xs ez-toc-btn-default ez-toc-toggle\" aria-label=\"Toggle Table of Content\"><span class=\"ez-toc-js-icon-con\"><span class=\"\"><span class=\"eztoc-hide\" style=\"display:none;\">Toggle<\/span><span class=\"ez-toc-icon-toggle-span\"><svg style=\"fill: #b5b5b5;color:#b5b5b5\" xmlns=\"http:\/\/www.w3.org\/2000\/svg\" class=\"list-377408\" width=\"20px\" height=\"20px\" viewBox=\"0 0 24 24\" fill=\"none\"><path d=\"M6 6H4v2h2V6zm14 0H8v2h12V6zM4 11h2v2H4v-2zm16 0H8v2h12v-2zM4 16h2v2H4v-2zm16 0H8v2h12v-2z\" fill=\"currentColor\"><\/path><\/svg><svg style=\"fill: #b5b5b5;color:#b5b5b5\" class=\"arrow-unsorted-368013\" xmlns=\"http:\/\/www.w3.org\/2000\/svg\" width=\"10px\" height=\"10px\" viewBox=\"0 0 24 24\" version=\"1.2\" baseProfile=\"tiny\"><path d=\"M18.2 9.3l-6.2-6.3-6.2 6.3c-.2.2-.3.4-.3.7s.1.5.3.7c.2.2.4.3.7.3h11c.3 0 .5-.1.7-.3.2-.2.3-.5.3-.7s-.1-.5-.3-.7zM5.8 14.7l6.2 6.3 6.2-6.3c.2-.2.3-.5.3-.7s-.1-.5-.3-.7c-.2-.2-.4-.3-.7-.3h-11c-.3 0-.5.1-.7.3-.2.2-.3.5-.3.7s.1.5.3.7z\"\/><\/svg><\/span><\/span><\/span><\/a><\/span><\/div>\n<nav><ul class='ez-toc-list ez-toc-list-level-1 ' ><li class='ez-toc-page-1 ez-toc-heading-level-1'><a class=\"ez-toc-link ez-toc-heading-1\" href=\"https:\/\/paripesawin.com\/fr\/jeu-responsable\/#Jeu_Responsable_%E2%80%93_Paripesa\" title=\"Jeu Responsable &#8211; Paripesa\">Jeu Responsable &#8211; Paripesa<\/a><ul class='ez-toc-list-level-2' ><li class='ez-toc-heading-level-2'><a class=\"ez-toc-link ez-toc-heading-2\" href=\"https:\/\/paripesawin.com\/fr\/jeu-responsable\/#Lignes_directrices_pour_un_jeu_responsable\" title=\"Lignes directrices pour un jeu responsable\">Lignes directrices pour un jeu responsable<\/a><\/li><li class='ez-toc-page-1 ez-toc-heading-level-2'><a class=\"ez-toc-link ez-toc-heading-3\" href=\"https:\/\/paripesawin.com\/fr\/jeu-responsable\/#Outils_et_fonctionnalites_pour_un_jeu_responsable\" title=\"Outils et fonctionnalit\u00e9s pour un jeu responsable\">Outils et fonctionnalit\u00e9s pour un jeu responsable<\/a><\/li><li class='ez-toc-page-1 ez-toc-heading-level-2'><a class=\"ez-toc-link ez-toc-heading-4\" href=\"https:\/\/paripesawin.com\/fr\/jeu-responsable\/#Gerer_vos_transactions\" title=\"G\u00e9rer vos transactions\">G\u00e9rer vos transactions<\/a><\/li><li class='ez-toc-page-1 ez-toc-heading-level-2'><a class=\"ez-toc-link ez-toc-heading-5\" href=\"https:\/\/paripesawin.com\/fr\/jeu-responsable\/#Reconnaitre_les_problemes_de_jeu\" title=\"Reconna\u00eetre les probl\u00e8mes de jeu\">Reconna\u00eetre les probl\u00e8mes de jeu<\/a><\/li><li class='ez-toc-page-1 ez-toc-heading-level-2'><a class=\"ez-toc-link ez-toc-heading-6\" href=\"https:\/\/paripesawin.com\/fr\/jeu-responsable\/#Assistance_et_ressources\" title=\"Assistance et ressources\">Assistance et ressources<\/a><\/li><li class='ez-toc-page-1 ez-toc-heading-level-2'><a class=\"ez-toc-link ez-toc-heading-7\" href=\"https:\/\/paripesawin.com\/fr\/jeu-responsable\/#Jouez_de_maniere_responsable_avec_Paripesa\" title=\"Jouez de mani\u00e8re responsable avec Paripesa\">Jouez de mani\u00e8re responsable avec Paripesa<\/a><\/li><\/ul><\/li><\/ul><\/nav><\/div>\n<h1><span class=\"ez-toc-section\" id=\"Jeu_Responsable_%E2%80%93_Paripesa\"><\/span>Jeu Responsable &#8211; Paripesa<span class=\"ez-toc-section-end\"><\/span><\/h1>\n<p>Chez <a href=\"\/fr\/\">Paripesa<\/a>, nous sommes profond\u00e9ment engag\u00e9s \u00e0 promouvoir des pratiques de jeu responsables pour tous nos utilisateurs. Les paris doivent toujours \u00eatre une activit\u00e9 agr\u00e9able et nous nous effor\u00e7ons de garantir qu&#8217;ils restent amusants, s\u00fbrs et sans danger. Nous fournissons des outils, des ressources et des directives pour aider les joueurs \u00e0 prendre des d\u00e9cisions \u00e9clair\u00e9es et \u00e0 garder le contr\u00f4le de leur comportement de jeu.<\/p>\n<h2><span class=\"ez-toc-section\" id=\"Lignes_directrices_pour_un_jeu_responsable\"><\/span>Lignes directrices pour un jeu responsable<span class=\"ez-toc-section-end\"><\/span><\/h2>\n<ol>\n<li>Fixez des limites : d\u00e9finissez toujours un budget pour vos paris et \u00e9vitez de le d\u00e9passer. Utilisez des fonctionnalit\u00e9s telles que la mise minimale de Paripesa pour vous aider \u00e0 g\u00e9rer efficacement vos d\u00e9penses.<\/li>\n<li>\u00c9vitez de courir apr\u00e8s vos pertes : si vous \u00eates confront\u00e9 \u00e0 une s\u00e9rie de pertes, faites une pause. Courir apr\u00e8s ses pertes peut entra\u00eener un stress financier.<\/li>\n<li>Pariez de mani\u00e8re strat\u00e9gique : utilisez des fonctionnalit\u00e9s telles que la pr\u00e9diction Paripesa pour aujourd&#8217;hui et les conseils Paripesa pour faire des paris \u00e9clair\u00e9s plut\u00f4t que de vous fier au hasard ou \u00e0 l&#8217;\u00e9motion.<\/li>\n<\/ol>\n<h2><span class=\"ez-toc-section\" id=\"Outils_et_fonctionnalites_pour_un_jeu_responsable\"><\/span>Outils et fonctionnalit\u00e9s pour un jeu responsable<span class=\"ez-toc-section-end\"><\/span><\/h2>\n<ul>\n<li>Cash Out de paris : cette fonctionnalit\u00e9 vous permet de contr\u00f4ler vos paris en retirant vos gains ou en minimisant vos pertes avant la fin d&#8217;un \u00e9v\u00e9nement.<\/li>\n<li>Limites de mise : d\u00e9finissez des limites de d\u00e9p\u00f4t ou de mise personnelles pour rester dans votre zone de confort.<\/li>\n<li>Rappels de temps : gardez une trace du temps que vous passez \u00e0 parier pour maintenir un style de vie \u00e9quilibr\u00e9.<\/li>\n<\/ul>\n<h2><span class=\"ez-toc-section\" id=\"Gerer_vos_transactions\"><\/span>G\u00e9rer vos transactions<span class=\"ez-toc-section-end\"><\/span><\/h2>\n<ul>\n<li>D\u00e9p\u00f4ts pratiques : effectuez des d\u00e9p\u00f4ts s\u00e9curis\u00e9s via le service de paiement par facture Paripesa pour un financement transparent de votre compte.<\/li>\n<li>Retraits en temps opportun : comprenez le d\u00e9lai de retrait de Paripesa pour planifier vos retraits de mani\u00e8re efficace et responsable.<\/li>\n<\/ul>\n<h2><span class=\"ez-toc-section\" id=\"Reconnaitre_les_problemes_de_jeu\"><\/span>Reconna\u00eetre les probl\u00e8mes de jeu<span class=\"ez-toc-section-end\"><\/span><\/h2>\n<p>Le jeu peut devenir probl\u00e9matique s&#8217;il affecte vos finances, vos relations ou votre vie quotidienne. Voici quelques signes \u00e0 surveiller :<\/p>\n<ul>\n<li>Miser plus que ce que vous pouvez vous permettre de perdre.<\/li>\n<li>Emprunter de l\u2019argent pour financer des activit\u00e9s de jeu.<\/li>\n<li>Se sentir stress\u00e9 ou anxieux \u00e0 propos des pertes.<\/li>\n<\/ul>\n<p>Si vous ressentez l\u2019un de ces signes, pensez \u00e0 utiliser nos outils d\u2019auto-exclusion ou \u00e0 contacter une organisation de jeu responsable pour obtenir de l\u2019aide.<\/p>\n<h2><span class=\"ez-toc-section\" id=\"Assistance_et_ressources\"><\/span>Assistance et ressources<span class=\"ez-toc-section-end\"><\/span><\/h2>\n<p>Chez Paripesa, nous offrons un soutien aux joueurs qui ont besoin d&#8217;aide pour g\u00e9rer leur comportement de jeu. Vous pouvez acc\u00e9der \u00e0 des ressources telles que :<\/p>\n<ul>\n<li>Options d&#8217;auto-exclusion pour suspendre temporairement ou d\u00e9finitivement votre compte.<\/li>\n<li>Rapports d&#8217;activit\u00e9 du compte pour surveiller vos habitudes de jeu.<\/li>\n<li>Organismes de soutien professionnels pour une assistance suppl\u00e9mentaire.<\/li>\n<\/ul>\n<h2><span class=\"ez-toc-section\" id=\"Jouez_de_maniere_responsable_avec_Paripesa\"><\/span>Jouez de mani\u00e8re responsable avec Paripesa<span class=\"ez-toc-section-end\"><\/span><\/h2>\n<p>Que vous exploriez des strat\u00e9gies de paris, fassiez des pr\u00e9dictions ou g\u00e9riez des retraits, nous encourageons tous les joueurs \u00e0 privil\u00e9gier le jeu responsable. Utilisez des outils tels que les conseils Paripesa, le retrait Paripesa et la pr\u00e9diction Paripesa pour aujourd&#8217;hui pour prendre des d\u00e9cisions \u00e9clair\u00e9es tout en gardant le contr\u00f4le de vos activit\u00e9s de paris. Nous sommes l\u00e0 pour garantir que votre exp\u00e9rience avec Paripesa reste positive, enrichissante et surtout responsable. Jouez intelligemment, jouez en toute s\u00e9curit\u00e9 et profitez du plaisir de jouer de mani\u00e8re responsable !<\/p>\n<\/div><\/div><\/div><\/div><\/div><\/div><\/section>\n","protected":false},"excerpt":{"rendered":"Jeu Responsable &#8211; Paripesa Chez Paripesa, nous sommes profond\u00e9ment engag\u00e9s \u00e0 promouvoir des pratiques de jeu responsables pour tous nos utilisateurs. Les paris doivent toujours \u00eatre une activit\u00e9 agr\u00e9able et nous nous effor\u00e7ons de garantir qu&#8217;ils restent amusants, s\u00fbrs et sans danger. Nous fournissons des outils, des ressources et des directives pour aider les joueurs...","protected":false},"author":1,"featured_media":0,"parent":0,"menu_order":0,"comment_status":"closed","ping_status":"closed","template":"","meta":{"footnotes":""},"class_list":["post-2478","page","type-page","status-publish","hentry"],"acf":[],"yoast_head":"<!-- This site is optimized with the Yoast SEO plugin v22.8 - https:\/\/yoast.com\/wordpress\/plugins\/seo\/ -->\n<title>Jeu responsable - Paripesa | Jouez de mani\u00e8re s\u00fbre et responsable<\/title>\n<meta name=\"description\" content=\"D\u00e9couvrez l&#039;engagement de Paripesa en faveur du jeu responsable. D\u00e9couvrez des outils, des conseils et des ressources pour garantir une exp\u00e9rience de jeu s\u00fbre, \u00e9quilibr\u00e9e et agr\u00e9able.\" \/>\n<meta name=\"robots\" content=\"index, follow, max-snippet:-1, max-image-preview:large, max-video-preview:-1\" \/>\n<meta property=\"og:locale\" content=\"fr_FR\" \/>\n<meta property=\"og:type\" content=\"article\" \/>\n<meta property=\"og:url\" content=\"https:\/\/paripesawin.com\/responsible-gaming\/\" \/>\n<meta property=\"og:site_name\" content=\"Paripesa\" \/>\n<meta property=\"article:modified_time\" content=\"2024-12-04T11:49:12+00:00\" \/>\n<meta name=\"twitter:card\" content=\"summary_large_image\" \/>\n<meta name=\"twitter:label1\" content=\"Dur\u00e9e de lecture estim\u00e9e\" \/>\n\t<meta name=\"twitter:data1\" content=\"3 minutes\" \/>\n<script type=\"application\/ld+json\" class=\"yoast-schema-graph\">{\"@context\":\"https:\/\/schema.org\",\"@graph\":[{\"@type\":\"WebPage\",\"@id\":\"https:\/\/paripesawin.com\/responsible-gaming\/\",\"url\":\"https:\/\/paripesawin.com\/responsible-gaming\/\",\"name\":\"Jeu responsable - Paripesa | Jouez de mani\u00e8re s\u00fbre et responsable\",\"isPartOf\":{\"@id\":\"https:\/\/paripesawin.com\/#website\"},\"datePublished\":\"2024-12-03T13:06:56+00:00\",\"dateModified\":\"2024-12-04T11:49:12+00:00\",\"description\":\"D\u00e9couvrez l'engagement de Paripesa en faveur du jeu responsable. D\u00e9couvrez des outils, des conseils et des ressources pour garantir une exp\u00e9rience de jeu s\u00fbre, \u00e9quilibr\u00e9e et agr\u00e9able.\",\"breadcrumb\":{\"@id\":\"https:\/\/paripesawin.com\/responsible-gaming\/#breadcrumb\"},\"inLanguage\":\"fr-FR\",\"potentialAction\":[{\"@type\":\"ReadAction\",\"target\":[\"https:\/\/paripesawin.com\/responsible-gaming\/\"]}]},{\"@type\":\"BreadcrumbList\",\"@id\":\"https:\/\/paripesawin.com\/responsible-gaming\/#breadcrumb\",\"itemListElement\":[{\"@type\":\"ListItem\",\"position\":1,\"name\":\"Home\",\"item\":\"https:\/\/paripesawin.com\/fr\/\"},{\"@type\":\"ListItem\",\"position\":2,\"name\":\"Jeu Responsable\"}]},{\"@type\":\"WebSite\",\"@id\":\"https:\/\/paripesawin.com\/#website\",\"url\":\"https:\/\/paripesawin.com\/\",\"name\":\"Paripesa\",\"description\":\"Paripesa\",\"potentialAction\":[{\"@type\":\"SearchAction\",\"target\":{\"@type\":\"EntryPoint\",\"urlTemplate\":\"https:\/\/paripesawin.com\/?s={search_term_string}\"},\"query-input\":\"required name=search_term_string\"}],\"inLanguage\":\"fr-FR\"}]}<\/script>\n<!-- \/ Yoast SEO plugin. -->","yoast_head_json":{"title":"Jeu responsable - Paripesa | Jouez de mani\u00e8re s\u00fbre et responsable","description":"D\u00e9couvrez l'engagement de Paripesa en faveur du jeu responsable. D\u00e9couvrez des outils, des conseils et des ressources pour garantir une exp\u00e9rience de jeu s\u00fbre, \u00e9quilibr\u00e9e et agr\u00e9able.","robots":{"index":"index","follow":"follow","max-snippet":"max-snippet:-1","max-image-preview":"max-image-preview:large","max-video-preview":"max-video-preview:-1"},"og_locale":"fr_FR","og_type":"article","og_url":"https:\/\/paripesawin.com\/responsible-gaming\/","og_site_name":"Paripesa","article_modified_time":"2024-12-04T11:49:12+00:00","twitter_card":"summary_large_image","twitter_misc":{"Dur\u00e9e de lecture estim\u00e9e":"3 minutes"},"schema":{"@context":"https:\/\/schema.org","@graph":[{"@type":"WebPage","@id":"https:\/\/paripesawin.com\/responsible-gaming\/","url":"https:\/\/paripesawin.com\/responsible-gaming\/","name":"Jeu responsable - Paripesa | Jouez de mani\u00e8re s\u00fbre et responsable","isPartOf":{"@id":"https:\/\/paripesawin.com\/#website"},"datePublished":"2024-12-03T13:06:56+00:00","dateModified":"2024-12-04T11:49:12+00:00","description":"D\u00e9couvrez l'engagement de Paripesa en faveur du jeu responsable. D\u00e9couvrez des outils, des conseils et des ressources pour garantir une exp\u00e9rience de jeu s\u00fbre, \u00e9quilibr\u00e9e et agr\u00e9able.","breadcrumb":{"@id":"https:\/\/paripesawin.com\/responsible-gaming\/#breadcrumb"},"inLanguage":"fr-FR","potentialAction":[{"@type":"ReadAction","target":["https:\/\/paripesawin.com\/responsible-gaming\/"]}]},{"@type":"BreadcrumbList","@id":"https:\/\/paripesawin.com\/responsible-gaming\/#breadcrumb","itemListElement":[{"@type":"ListItem","position":1,"name":"Home","item":"https:\/\/paripesawin.com\/fr\/"},{"@type":"ListItem","position":2,"name":"Jeu Responsable"}]},{"@type":"WebSite","@id":"https:\/\/paripesawin.com\/#website","url":"https:\/\/paripesawin.com\/","name":"Paripesa","description":"Paripesa","potentialAction":[{"@type":"SearchAction","target":{"@type":"EntryPoint","urlTemplate":"https:\/\/paripesawin.com\/?s={search_term_string}"},"query-input":"required name=search_term_string"}],"inLanguage":"fr-FR"}]}},"_links":{"self":[{"href":"https:\/\/paripesawin.com\/fr\/wp-json\/wp\/v2\/pages\/2478","targetHints":{"allow":["GET"]}}],"collection":[{"href":"https:\/\/paripesawin.com\/fr\/wp-json\/wp\/v2\/pages"}],"about":[{"href":"https:\/\/paripesawin.com\/fr\/wp-json\/wp\/v2\/types\/page"}],"author":[{"embeddable":true,"href":"https:\/\/paripesawin.com\/fr\/wp-json\/wp\/v2\/users\/1"}],"replies":[{"embeddable":true,"href":"https:\/\/paripesawin.com\/fr\/wp-json\/wp\/v2\/comments?post=2478"}],"version-history":[{"count":1,"href":"https:\/\/paripesawin.com\/fr\/wp-json\/wp\/v2\/pages\/2478\/revisions"}],"predecessor-version":[{"id":2491,"href":"https:\/\/paripesawin.com\/fr\/wp-json\/wp\/v2\/pages\/2478\/revisions\/2491"}],"wp:attachment":[{"href":"https:\/\/paripesawin.com\/fr\/wp-json\/wp\/v2\/media?parent=2478"}],"curies":[{"name":"wp","href":"https:\/\/api.w.org\/{rel}","templated":true}]}}