{"id":2516,"date":"2024-12-03T17:43:48","date_gmt":"2024-12-03T14:43:48","guid":{"rendered":"https:\/\/paripesawin.com\/sobre-nos\/"},"modified":"2024-12-04T16:59:28","modified_gmt":"2024-12-04T13:59:28","slug":"sobre-nos","status":"publish","type":"page","link":"https:\/\/paripesawin.com\/pt-pt\/sobre-nos\/","title":{"rendered":"Sobre n\u00f3s"},"content":{"rendered":"<section class=\"l-section wpb_row height_auto\"><div class=\"l-section-h i-cf\"><div class=\"g-cols vc_row via_grid cols_1 laptops-cols_inherit tablets-cols_inherit mobiles-cols_1 valign_top type_default stacking_default\"><div class=\"wpb_column vc_column_container\"><div class=\"vc_column-inner\"><div class=\"wpb_text_column\"><div class=\"wpb_wrapper\"><div id=\"ez-toc-container\" class=\"ez-toc-v2_0_65 counter-hierarchy ez-toc-counter ez-toc-light-blue ez-toc-container-direction\">\n<div class=\"ez-toc-title-container\">\n<span class=\"ez-toc-title-toggle\"><a href=\"#\" class=\"ez-toc-pull-right ez-toc-btn ez-toc-btn-xs ez-toc-btn-default ez-toc-toggle\" aria-label=\"Toggle Table of Content\"><span class=\"ez-toc-js-icon-con\"><span class=\"\"><span class=\"eztoc-hide\" style=\"display:none;\">Toggle<\/span><span class=\"ez-toc-icon-toggle-span\"><svg style=\"fill: #b5b5b5;color:#b5b5b5\" xmlns=\"http:\/\/www.w3.org\/2000\/svg\" class=\"list-377408\" width=\"20px\" height=\"20px\" viewBox=\"0 0 24 24\" fill=\"none\"><path d=\"M6 6H4v2h2V6zm14 0H8v2h12V6zM4 11h2v2H4v-2zm16 0H8v2h12v-2zM4 16h2v2H4v-2zm16 0H8v2h12v-2z\" fill=\"currentColor\"><\/path><\/svg><svg style=\"fill: #b5b5b5;color:#b5b5b5\" class=\"arrow-unsorted-368013\" xmlns=\"http:\/\/www.w3.org\/2000\/svg\" width=\"10px\" height=\"10px\" viewBox=\"0 0 24 24\" version=\"1.2\" baseProfile=\"tiny\"><path d=\"M18.2 9.3l-6.2-6.3-6.2 6.3c-.2.2-.3.4-.3.7s.1.5.3.7c.2.2.4.3.7.3h11c.3 0 .5-.1.7-.3.2-.2.3-.5.3-.7s-.1-.5-.3-.7zM5.8 14.7l6.2 6.3 6.2-6.3c.2-.2.3-.5.3-.7s-.1-.5-.3-.7c-.2-.2-.4-.3-.7-.3h-11c-.3 0-.5.1-.7.3-.2.2-.3.5-.3.7s.1.5.3.7z\"\/><\/svg><\/span><\/span><\/span><\/a><\/span><\/div>\n<nav><ul class='ez-toc-list ez-toc-list-level-1 ' ><li class='ez-toc-page-1 ez-toc-heading-level-1'><a class=\"ez-toc-link ez-toc-heading-1\" href=\"https:\/\/paripesawin.com\/pt-pt\/sobre-nos\/#Sobre_nos_%E2%80%93_Paripesa\" title=\"Sobre n\u00f3s &#8211; Paripesa\">Sobre n\u00f3s &#8211; Paripesa<\/a><ul class='ez-toc-list-level-2' ><li class='ez-toc-heading-level-2'><a class=\"ez-toc-link ez-toc-heading-2\" href=\"https:\/\/paripesawin.com\/pt-pt\/sobre-nos\/#Quem_somos\" title=\"Quem somos\">Quem somos<\/a><\/li><li class='ez-toc-page-1 ez-toc-heading-level-2'><a class=\"ez-toc-link ez-toc-heading-3\" href=\"https:\/\/paripesawin.com\/pt-pt\/sobre-nos\/#O_que_oferecemos\" title=\"O que oferecemos\">O que oferecemos<\/a><ul class='ez-toc-list-level-4' ><li class='ez-toc-heading-level-4'><ul class='ez-toc-list-level-4' ><li class='ez-toc-heading-level-4'><a class=\"ez-toc-link ez-toc-heading-4\" href=\"https:\/\/paripesawin.com\/pt-pt\/sobre-nos\/#Uma_plataforma_versatil\" title=\"Uma plataforma vers\u00e1til\">Uma plataforma vers\u00e1til<\/a><\/li><li class='ez-toc-page-1 ez-toc-heading-level-4'><a class=\"ez-toc-link ez-toc-heading-5\" href=\"https:\/\/paripesawin.com\/pt-pt\/sobre-nos\/#Acessibilidade_em_qualquer_lugar_a_qualquer_hora\" title=\"Acessibilidade em qualquer lugar, a qualquer hora\">Acessibilidade em qualquer lugar, a qualquer hora<\/a><\/li><\/ul><\/li><li class='ez-toc-page-1 ez-toc-heading-level-3'><a class=\"ez-toc-link ez-toc-heading-6\" href=\"https:\/\/paripesawin.com\/pt-pt\/sobre-nos\/#Parceiros_da_Paripesa\" title=\"Parceiros da Paripesa\">Parceiros da Paripesa<\/a><\/li><\/ul><\/li><li class='ez-toc-page-1 ez-toc-heading-level-2'><a class=\"ez-toc-link ez-toc-heading-7\" href=\"https:\/\/paripesawin.com\/pt-pt\/sobre-nos\/#Porque_escolher_a_Paripesa\" title=\"Porqu\u00ea escolher a Paripesa?\">Porqu\u00ea escolher a Paripesa?<\/a><\/li><\/ul><\/li><\/ul><\/nav><\/div>\n<h1><span class=\"ez-toc-section\" id=\"Sobre_nos_%E2%80%93_Paripesa\"><\/span>Sobre n\u00f3s &#8211; Paripesa<span class=\"ez-toc-section-end\"><\/span><\/h1>\n<p>Bem-vindo \u00e0 <a href=\"\/pt-pt\/\">Paripesa <\/a>International, uma plataforma l\u00edder na ind\u00fastria global de apostas e jogos online. Estamos empenhados em oferecer entretenimento de alto n\u00edvel atrav\u00e9s de tecnologia inovadora, diversas op\u00e7\u00f5es de jogos e experi\u00eancias de utilizador incompar\u00e1veis. Quer seja um apostador experiente ou novo nos jogos online, a Paripesa oferece algo para todos.<\/p>\n<h2><span class=\"ez-toc-section\" id=\"Quem_somos\"><\/span>Quem somos<span class=\"ez-toc-section-end\"><\/span><\/h2>\n<p>A Paripesa International foi criada para revolucionar a experi\u00eancia de jogo, oferecendo uma plataforma fi\u00e1vel, segura e f\u00e1cil de utilizar. Os nossos servi\u00e7os s\u00e3o concebidos para servir um p\u00fablico global, com solu\u00e7\u00f5es localizadas, como as op\u00e7\u00f5es m\u00f3veis da Paripesa, para acesso cont\u00ednuo em qualquer lugar. Como parte do nosso compromisso de nos mantermos \u00e0 frente no setor, oferecemos uma variedade de recursos, incluindo:<\/p>\n<ul>\n<li>A aplica\u00e7\u00e3o Paripesa, garantindo uma experi\u00eancia de jogo tranquila e conveniente em dispositivos Android e iOS.<\/li>\n<li>Jogos de \u00faltima gera\u00e7\u00e3o como Paripesa Aviator, um jogo de apostas emocionante e r\u00e1pido, perfeito para quem gosta de uma jogabilidade cheia de adrenalina.<\/li>\n<li>Apostas ao vivo Paripesa, permitindo aos jogadores mergulhar na a\u00e7\u00e3o do jogo em tempo real.<\/li>\n<\/ul>\n<h2><span class=\"ez-toc-section\" id=\"O_que_oferecemos\"><\/span>O que oferecemos<span class=\"ez-toc-section-end\"><\/span><\/h2>\n<h4><span class=\"ez-toc-section\" id=\"Uma_plataforma_versatil\"><\/span>Uma plataforma vers\u00e1til<span class=\"ez-toc-section-end\"><\/span><\/h4>\n<p>O site da Paripesa foi pensado a pensar no utilizador, apresentando uma interface elegante e de f\u00e1cil navega\u00e7\u00e3o. Quer esteja a explorar apostas desportivas, jogos de casino ao vivo ou t\u00edtulos inovadores como o Paripesa Aviator, a nossa plataforma garante uma experi\u00eancia perfeita.<\/p>\n<h4><span class=\"ez-toc-section\" id=\"Acessibilidade_em_qualquer_lugar_a_qualquer_hora\"><\/span>Acessibilidade em qualquer lugar, a qualquer hora<span class=\"ez-toc-section-end\"><\/span><\/h4>\n<p>Com o Paripesa mobile e a aplica\u00e7\u00e3o Paripesa, os jogadores podem desfrutar dos seus jogos favoritos em qualquer lugar. As nossas solu\u00e7\u00f5es m\u00f3veis s\u00e3o otimizadas para velocidade, funcionalidade e fiabilidade, tornando mais f\u00e1cil do que nunca permanecer no jogo.<\/p>\n<h3><span class=\"ez-toc-section\" id=\"Parceiros_da_Paripesa\"><\/span>Parceiros da Paripesa<span class=\"ez-toc-section-end\"><\/span><\/h3>\n<p>Acreditamos no poder da colabora\u00e7\u00e3o e convidamos as empresas e afiliados a aderir ao programa de parceiros Paripesa. Como parceiro, beneficiar\u00e1 de um modelo de partilha de receitas rent\u00e1vel e de ferramentas exclusivas para expandir a sua rede. Junte-se a n\u00f3s para oferecer experi\u00eancias de jogo de alto n\u00edvel para jogadores de todo o mundo.<\/p>\n<h2><span class=\"ez-toc-section\" id=\"Porque_escolher_a_Paripesa\"><\/span>Porqu\u00ea escolher a Paripesa?<span class=\"ez-toc-section-end\"><\/span><\/h2>\n<ul>\n<li>Alcance Global \u2013 Operada por uma equipa com uma vasta experi\u00eancia no setor, a Paripesa International serve players em diversas regi\u00f5es.<\/li>\n<li>Diversas op\u00e7\u00f5es de jogo &#8211; Desde jogos emocionantes como o Paripesa Aviator at\u00e9 apostas ao vivo e jogos de casino, h\u00e1 algo para todos.<\/li>\n<li>Tecnologia Inovadora &#8211; Com a aplica\u00e7\u00e3o Paripesa e a plataforma m\u00f3vel Paripesa, oferecemos uma comodidade e acessibilidade incompar\u00e1veis.<\/li>\n<li>Trusted Partner Network &#8211; Atrav\u00e9s do nosso programa de parceiros Paripesa, trabalhamos com afiliados em todo o mundo para oferecer uma experi\u00eancia de jogo excecional.<\/li>\n<\/ul>\n<p>Junte-se \u00e0 emo\u00e7\u00e3o no Paripesa International hoje. Visite o site da Paripesa, descarregue a aplica\u00e7\u00e3o Paripesa ou explore os jogos ao vivo da Paripesa para experimentar o futuro dos jogos online!<\/p>\n<\/div><\/div><\/div><\/div><\/div><\/div><\/section>\n","protected":false},"excerpt":{"rendered":"Sobre n\u00f3s &#8211; Paripesa Bem-vindo \u00e0 Paripesa International, uma plataforma l\u00edder na ind\u00fastria global de apostas e jogos online. Estamos empenhados em oferecer entretenimento de alto n\u00edvel atrav\u00e9s de tecnologia inovadora, diversas op\u00e7\u00f5es de jogos e experi\u00eancias de utilizador incompar\u00e1veis. Quer seja um apostador experiente ou novo nos jogos online, a Paripesa oferece algo para...","protected":false},"author":1,"featured_media":0,"parent":0,"menu_order":0,"comment_status":"closed","ping_status":"closed","template":"","meta":{"footnotes":""},"class_list":["post-2516","page","type-page","status-publish","hentry"],"acf":[],"yoast_head":"<!-- This site is optimized with the Yoast SEO plugin v22.8 - https:\/\/yoast.com\/wordpress\/plugins\/seo\/ -->\n<title>Quem somos Paripesa | A sua plataforma de apostas fi\u00e1vel | Site oficial<\/title>\n<meta name=\"description\" content=\"Conhe\u00e7a a Paripesa, a plataforma l\u00edder em apostas desportivas e jogos de casino. Saiba mais sobre a nossa miss\u00e3o, caracter\u00edsticas seguras e compromisso com uma experi\u00eancia de jogo excecional.\" \/>\n<meta name=\"robots\" content=\"index, follow, max-snippet:-1, max-image-preview:large, max-video-preview:-1\" \/>\n<meta property=\"og:locale\" content=\"pt_PT\" \/>\n<meta property=\"og:type\" content=\"article\" \/>\n<meta property=\"og:url\" content=\"https:\/\/paripesawin.com\/pt-pt\/sobre-nos\/\" \/>\n<meta property=\"og:site_name\" content=\"Paripesa\" \/>\n<meta property=\"article:modified_time\" content=\"2024-12-04T13:59:28+00:00\" \/>\n<meta name=\"twitter:card\" content=\"summary_large_image\" \/>\n<meta name=\"twitter:label1\" content=\"Tempo estimado de leitura\" \/>\n\t<meta name=\"twitter:data1\" content=\"3 minutos\" \/>\n<script type=\"application\/ld+json\" class=\"yoast-schema-graph\">{\"@context\":\"https:\/\/schema.org\",\"@graph\":[{\"@type\":\"WebPage\",\"@id\":\"https:\/\/paripesawin.com\/pt-pt\/sobre-nos\/\",\"url\":\"https:\/\/paripesawin.com\/pt-pt\/sobre-nos\/\",\"name\":\"Quem somos Paripesa | A sua plataforma de apostas fi\u00e1vel | Site oficial\",\"isPartOf\":{\"@id\":\"https:\/\/paripesawin.com\/#website\"},\"datePublished\":\"2024-12-03T14:43:48+00:00\",\"dateModified\":\"2024-12-04T13:59:28+00:00\",\"description\":\"Conhe\u00e7a a Paripesa, a plataforma l\u00edder em apostas desportivas e jogos de casino. Saiba mais sobre a nossa miss\u00e3o, caracter\u00edsticas seguras e compromisso com uma experi\u00eancia de jogo excecional.\",\"breadcrumb\":{\"@id\":\"https:\/\/paripesawin.com\/pt-pt\/sobre-nos\/#breadcrumb\"},\"inLanguage\":\"pt-PT\",\"potentialAction\":[{\"@type\":\"ReadAction\",\"target\":[\"https:\/\/paripesawin.com\/pt-pt\/sobre-nos\/\"]}]},{\"@type\":\"BreadcrumbList\",\"@id\":\"https:\/\/paripesawin.com\/pt-pt\/sobre-nos\/#breadcrumb\",\"itemListElement\":[{\"@type\":\"ListItem\",\"position\":1,\"name\":\"Home\",\"item\":\"https:\/\/paripesawin.com\/pt-pt\/\"},{\"@type\":\"ListItem\",\"position\":2,\"name\":\"Sobre n\u00f3s\"}]},{\"@type\":\"WebSite\",\"@id\":\"https:\/\/paripesawin.com\/#website\",\"url\":\"https:\/\/paripesawin.com\/\",\"name\":\"Paripesa\",\"description\":\"Paripesa\",\"potentialAction\":[{\"@type\":\"SearchAction\",\"target\":{\"@type\":\"EntryPoint\",\"urlTemplate\":\"https:\/\/paripesawin.com\/?s={search_term_string}\"},\"query-input\":\"required name=search_term_string\"}],\"inLanguage\":\"pt-PT\"}]}<\/script>\n<!-- \/ Yoast SEO plugin. -->","yoast_head_json":{"title":"Quem somos Paripesa | A sua plataforma de apostas fi\u00e1vel | Site oficial","description":"Conhe\u00e7a a Paripesa, a plataforma l\u00edder em apostas desportivas e jogos de casino. Saiba mais sobre a nossa miss\u00e3o, caracter\u00edsticas seguras e compromisso com uma experi\u00eancia de jogo excecional.","robots":{"index":"index","follow":"follow","max-snippet":"max-snippet:-1","max-image-preview":"max-image-preview:large","max-video-preview":"max-video-preview:-1"},"og_locale":"pt_PT","og_type":"article","og_url":"https:\/\/paripesawin.com\/pt-pt\/sobre-nos\/","og_site_name":"Paripesa","article_modified_time":"2024-12-04T13:59:28+00:00","twitter_card":"summary_large_image","twitter_misc":{"Tempo estimado de leitura":"3 minutos"},"schema":{"@context":"https:\/\/schema.org","@graph":[{"@type":"WebPage","@id":"https:\/\/paripesawin.com\/pt-pt\/sobre-nos\/","url":"https:\/\/paripesawin.com\/pt-pt\/sobre-nos\/","name":"Quem somos Paripesa | A sua plataforma de apostas fi\u00e1vel | Site oficial","isPartOf":{"@id":"https:\/\/paripesawin.com\/#website"},"datePublished":"2024-12-03T14:43:48+00:00","dateModified":"2024-12-04T13:59:28+00:00","description":"Conhe\u00e7a a Paripesa, a plataforma l\u00edder em apostas desportivas e jogos de casino. Saiba mais sobre a nossa miss\u00e3o, caracter\u00edsticas seguras e compromisso com uma experi\u00eancia de jogo excecional.","breadcrumb":{"@id":"https:\/\/paripesawin.com\/pt-pt\/sobre-nos\/#breadcrumb"},"inLanguage":"pt-PT","potentialAction":[{"@type":"ReadAction","target":["https:\/\/paripesawin.com\/pt-pt\/sobre-nos\/"]}]},{"@type":"BreadcrumbList","@id":"https:\/\/paripesawin.com\/pt-pt\/sobre-nos\/#breadcrumb","itemListElement":[{"@type":"ListItem","position":1,"name":"Home","item":"https:\/\/paripesawin.com\/pt-pt\/"},{"@type":"ListItem","position":2,"name":"Sobre n\u00f3s"}]},{"@type":"WebSite","@id":"https:\/\/paripesawin.com\/#website","url":"https:\/\/paripesawin.com\/","name":"Paripesa","description":"Paripesa","potentialAction":[{"@type":"SearchAction","target":{"@type":"EntryPoint","urlTemplate":"https:\/\/paripesawin.com\/?s={search_term_string}"},"query-input":"required name=search_term_string"}],"inLanguage":"pt-PT"}]}},"_links":{"self":[{"href":"https:\/\/paripesawin.com\/pt-pt\/wp-json\/wp\/v2\/pages\/2516","targetHints":{"allow":["GET"]}}],"collection":[{"href":"https:\/\/paripesawin.com\/pt-pt\/wp-json\/wp\/v2\/pages"}],"about":[{"href":"https:\/\/paripesawin.com\/pt-pt\/wp-json\/wp\/v2\/types\/page"}],"author":[{"embeddable":true,"href":"https:\/\/paripesawin.com\/pt-pt\/wp-json\/wp\/v2\/users\/1"}],"replies":[{"embeddable":true,"href":"https:\/\/paripesawin.com\/pt-pt\/wp-json\/wp\/v2\/comments?post=2516"}],"version-history":[{"count":1,"href":"https:\/\/paripesawin.com\/pt-pt\/wp-json\/wp\/v2\/pages\/2516\/revisions"}],"predecessor-version":[{"id":2530,"href":"https:\/\/paripesawin.com\/pt-pt\/wp-json\/wp\/v2\/pages\/2516\/revisions\/2530"}],"wp:attachment":[{"href":"https:\/\/paripesawin.com\/pt-pt\/wp-json\/wp\/v2\/media?parent=2516"}],"curies":[{"name":"wp","href":"https:\/\/api.w.org\/{rel}","templated":true}]}}