{"id":2518,"date":"2024-12-03T18:05:02","date_gmt":"2024-12-03T15:05:02","guid":{"rendered":"https:\/\/paripesawin.com\/contate-nos\/"},"modified":"2024-12-04T16:30:31","modified_gmt":"2024-12-04T13:30:31","slug":"contate-nos","status":"publish","type":"page","link":"https:\/\/paripesawin.com\/pt-pt\/contate-nos\/","title":{"rendered":"Contate-nos"},"content":{"rendered":"<section class=\"l-section wpb_row height_auto\"><div class=\"l-section-h i-cf\"><div class=\"g-cols vc_row via_grid cols_1 laptops-cols_inherit tablets-cols_inherit mobiles-cols_1 valign_top type_default stacking_default\"><div class=\"wpb_column vc_column_container\"><div class=\"vc_column-inner\"><div class=\"wpb_text_column\"><div class=\"wpb_wrapper\"><div id=\"ez-toc-container\" class=\"ez-toc-v2_0_65 counter-hierarchy ez-toc-counter ez-toc-light-blue ez-toc-container-direction\">\n<div class=\"ez-toc-title-container\">\n<span class=\"ez-toc-title-toggle\"><a href=\"#\" class=\"ez-toc-pull-right ez-toc-btn ez-toc-btn-xs ez-toc-btn-default ez-toc-toggle\" aria-label=\"Toggle Table of Content\"><span class=\"ez-toc-js-icon-con\"><span class=\"\"><span class=\"eztoc-hide\" style=\"display:none;\">Toggle<\/span><span class=\"ez-toc-icon-toggle-span\"><svg style=\"fill: #b5b5b5;color:#b5b5b5\" xmlns=\"http:\/\/www.w3.org\/2000\/svg\" class=\"list-377408\" width=\"20px\" height=\"20px\" viewBox=\"0 0 24 24\" fill=\"none\"><path d=\"M6 6H4v2h2V6zm14 0H8v2h12V6zM4 11h2v2H4v-2zm16 0H8v2h12v-2zM4 16h2v2H4v-2zm16 0H8v2h12v-2z\" fill=\"currentColor\"><\/path><\/svg><svg style=\"fill: #b5b5b5;color:#b5b5b5\" class=\"arrow-unsorted-368013\" xmlns=\"http:\/\/www.w3.org\/2000\/svg\" width=\"10px\" height=\"10px\" viewBox=\"0 0 24 24\" version=\"1.2\" baseProfile=\"tiny\"><path d=\"M18.2 9.3l-6.2-6.3-6.2 6.3c-.2.2-.3.4-.3.7s.1.5.3.7c.2.2.4.3.7.3h11c.3 0 .5-.1.7-.3.2-.2.3-.5.3-.7s-.1-.5-.3-.7zM5.8 14.7l6.2 6.3 6.2-6.3c.2-.2.3-.5.3-.7s-.1-.5-.3-.7c-.2-.2-.4-.3-.7-.3h-11c-.3 0-.5.1-.7.3-.2.2-.3.5-.3.7s.1.5.3.7z\"\/><\/svg><\/span><\/span><\/span><\/a><\/span><\/div>\n<nav><ul class='ez-toc-list ez-toc-list-level-1 ' ><li class='ez-toc-page-1 ez-toc-heading-level-1'><a class=\"ez-toc-link ez-toc-heading-1\" href=\"https:\/\/paripesawin.com\/pt-pt\/contate-nos\/#Contate-nos_%E2%80%93_Paripesa\" title=\"Contate-nos &#8211; Paripesa\">Contate-nos &#8211; Paripesa<\/a><ul class='ez-toc-list-level-2' ><li class='ez-toc-heading-level-2'><a class=\"ez-toc-link ez-toc-heading-2\" href=\"https:\/\/paripesawin.com\/pt-pt\/contate-nos\/#Como_contactar_o_servico_de_apoio_ao_cliente_Paripesa\" title=\"Como contactar o servi\u00e7o de apoio ao cliente Paripesa\">Como contactar o servi\u00e7o de apoio ao cliente Paripesa<\/a><ul class='ez-toc-list-level-3' ><li class='ez-toc-heading-level-3'><a class=\"ez-toc-link ez-toc-heading-3\" href=\"https:\/\/paripesawin.com\/pt-pt\/contate-nos\/#Visite_a_Sede_da_Paripesa\" title=\"Visite a Sede da Paripesa\">Visite a Sede da Paripesa<\/a><\/li><\/ul><\/li><li class='ez-toc-page-1 ez-toc-heading-level-2'><a class=\"ez-toc-link ez-toc-heading-4\" href=\"https:\/\/paripesawin.com\/pt-pt\/contate-nos\/#Porque_escolher_o_Apoio_ao_Cliente_Paripesa\" title=\"Porqu\u00ea escolher o Apoio ao Cliente Paripesa?\">Porqu\u00ea escolher o Apoio ao Cliente Paripesa?<\/a><\/li><li class='ez-toc-page-1 ez-toc-heading-level-2'><a class=\"ez-toc-link ez-toc-heading-5\" href=\"https:\/\/paripesawin.com\/pt-pt\/contate-nos\/#Suporte_para_todas_as_suas_necessidades\" title=\"Suporte para todas as suas necessidades\">Suporte para todas as suas necessidades<\/a><\/li><li class='ez-toc-page-1 ez-toc-heading-level-2'><a class=\"ez-toc-link ez-toc-heading-6\" href=\"https:\/\/paripesawin.com\/pt-pt\/contate-nos\/#Perguntas_frequentes\" title=\"Perguntas frequentes\">Perguntas frequentes<\/a><\/li><\/ul><\/li><\/ul><\/nav><\/div>\n<h1><span class=\"ez-toc-section\" id=\"Contate-nos_%E2%80%93_Paripesa\"><\/span>Contate-nos &#8211; Paripesa<span class=\"ez-toc-section-end\"><\/span><\/h1>\n<p>Valorizamos cada jogador e esfor\u00e7amo-nos por fornecer apoio de alto n\u00edvel para garantir que a sua experi\u00eancia com o <a href=\"\/\">Paripesa <\/a>seja tranquila e agrad\u00e1vel. Quer esteja \u00e0 procura de assist\u00eancia com a sua conta, precise de ajuda com transa\u00e7\u00f5es ou queira saber mais sobre os nossos jogos e funcionalidades, a nossa equipa dedicada est\u00e1 aqui para o ajudar. <\/p>\n<h2><span class=\"ez-toc-section\" id=\"Como_contactar_o_servico_de_apoio_ao_cliente_Paripesa\"><\/span>Como contactar o servi\u00e7o de apoio ao cliente Paripesa<span class=\"ez-toc-section-end\"><\/span><\/h2>\n<ol>\n<li> Suporte por telefone\n<ul>\n<li>N\u00famero da Linha de Apoio Paripesa: A nossa linha de apoio est\u00e1 aberta 24 horas por dia, 7 dias por semana, para esclarecer qualquer d\u00favida ou resolver qualquer problema. Ligue-nos a qualquer momento para o n\u00famero +254 700 123 456 para assist\u00eancia imediata. <\/li>\n<li>N\u00famero de Atendimento ao Cliente Paripesa: Para obter suporte personalizado, por favor contacte a nossa equipa de atendimento ao cliente. Estamos aqui para ajudar a resolver as suas d\u00favidas de forma r\u00e1pida e eficaz. <\/li>\n<\/ul>\n<\/li>\n<li> Suporte por chat<br \/>\nN\u00famero Paripesa WhatsApp: Contacte-nos diretamente via WhatsApp para uma resposta r\u00e1pida e conveniente. Este servi\u00e7o \u00e9 ideal para assist\u00eancia em viagem, caso necessite de ajuda com dep\u00f3sitos, levantamentos ou d\u00favidas relacionadas com o jogo. <\/li>\n<li> Suporte por e-mail<br \/>\nEnvie as suas d\u00favidas detalhadas \u00e0 nossa equipa de suporte por e-mail para obter assist\u00eancia r\u00e1pida e profissional. Este \u00e9 o canal perfeito para assuntos n\u00e3o urgentes ou quest\u00f5es mais complexas. <\/li>\n<\/ol>\n<h3><span class=\"ez-toc-section\" id=\"Visite_a_Sede_da_Paripesa\"><\/span>Visite a Sede da Paripesa<span class=\"ez-toc-section-end\"><\/span><\/h3>\n<p>Para atendimento presencial, pode visitar a sede da Paripesa, onde a nossa equipa est\u00e1 pronta para o atender em qualquer d\u00favida ou fornecer informa\u00e7\u00f5es detalhadas sobre os nossos servi\u00e7os. Se tiver preocupa\u00e7\u00f5es t\u00e9cnicas ou precisar de verifica\u00e7\u00e3o de conta, a nossa equipa garantir\u00e1 um processo cont\u00ednuo. <\/p>\n<h2><span class=\"ez-toc-section\" id=\"Porque_escolher_o_Apoio_ao_Cliente_Paripesa\"><\/span>Porqu\u00ea escolher o Apoio ao Cliente Paripesa?<span class=\"ez-toc-section-end\"><\/span><\/h2>\n<ul>\n<li>Resposta R\u00e1pida &#8211; A nossa equipa est\u00e1 dispon\u00edvel 24 horas por dia para resolver as suas d\u00favidas.<\/li>\n<li>Assist\u00eancia abrangente &#8211; Desde a resolu\u00e7\u00e3o de problemas t\u00e9cnicos at\u00e9 \u00e0 explica\u00e7\u00e3o das regras do jogo, estamos aqui para ajudar.<\/li>\n<li>Suporte localizado &#8211; Oferecemos assist\u00eancia personalizada em toda a Paripesa \u00c1frica, garantindo que obt\u00e9m a ajuda necess\u00e1ria na sua regi\u00e3o.<\/li>\n<\/ul>\n<h2><span class=\"ez-toc-section\" id=\"Suporte_para_todas_as_suas_necessidades\"><\/span>Suporte para todas as suas necessidades<span class=\"ez-toc-section-end\"><\/span><\/h2>\n<p>Na Paripesa priorizamos a sua satisfa\u00e7\u00e3o. Se tiver d\u00favidas sobre o registo da conta, precisar de ajuda com o n\u00famero de telem\u00f3vel Paripesa para pagamentos ou precisar de assist\u00eancia com o jogo, a nossa equipa est\u00e1 pronta para o apoiar em cada etapa do processo. Para mais detalhes, visite a sec\u00e7\u00e3o de contactos da Paripesa no nosso website ou contacte-nos atrav\u00e9s de qualquer um dos m\u00e9todos listados acima. Estamos empenhados em tornar a sua experi\u00eancia com o Paripesa agrad\u00e1vel e sem stress!<\/p>\n<\/div><\/div><\/div><\/div><\/div><\/div><\/section><section class=\"l-section wpb_row height_auto\"><div class=\"l-section-h i-cf\"><div class=\"g-cols vc_row via_grid cols_1 laptops-cols_inherit tablets-cols_inherit mobiles-cols_1 valign_top type_default stacking_default\"><div class=\"wpb_column vc_column_container\"><div class=\"vc_column-inner\"><div class=\"w-separator size_medium\"><\/div><h2 class=\"w-text\"><span class=\"ez-toc-section\" id=\"Perguntas_frequentes\"><\/span><span url class=\"w-text-h\"><span class=\"w-text-value\">Perguntas frequentes<\/span><\/span><span class=\"ez-toc-section-end\"><\/span><\/h2><div class=\"w-separator size_medium\"><\/div><div class=\"w-tabs style_default switch_click accordion has_scrolling\" style=\"--sections-title-size:inherit\"><div class=\"w-tabs-sections titles-align_none icon_chevron cpos_right\"><div class=\"w-tabs-section\" id=\"pa7b\"><button class=\"w-tabs-section-header\" aria-controls=\"content-pa7b\" aria-expanded=\"false\"><div class=\"w-tabs-section-title\">Como posso contactar o servi\u00e7o de apoio ao cliente da Paripesa?<\/div><div class=\"w-tabs-section-control\"><\/div><\/button><div  class=\"w-tabs-section-content\" id=\"content-pa7b\"><div class=\"w-tabs-section-content-h i-cf\"><div class=\"wpb_text_column\"><div class=\"wpb_wrapper\"><p>Pode contactar-nos atrav\u00e9s do n\u00famero da linha de apoio da Paripesa, n\u00famero de WhatsApp ou e-mail. Em alternativa, visite a sede da Paripesa para atendimento presencial.<\/p>\n<\/div><\/div><\/div><\/div><\/div><div class=\"w-tabs-section\" id=\"dbad\"><button class=\"w-tabs-section-header\" aria-controls=\"content-dbad\" aria-expanded=\"false\"><div class=\"w-tabs-section-title\">Qual \u00e9 o n\u00famero de telem\u00f3vel da Paripesa para atendimento ao cliente?<\/div><div class=\"w-tabs-section-control\"><\/div><\/button><div  class=\"w-tabs-section-content\" id=\"content-dbad\"><div class=\"w-tabs-section-content-h i-cf\"><div class=\"wpb_text_column\"><div class=\"wpb_wrapper\"><p>A nossa equipa de suporte est\u00e1 contact\u00e1vel atrav\u00e9s do +254 700 123 456, dispon\u00edvel 24 horas por dia, 7 dias por semana, para todas as suas necessidades.<\/p>\n<\/div><\/div><\/div><\/div><\/div><div class=\"w-tabs-section\" id=\"tcbe\"><button class=\"w-tabs-section-header\" aria-controls=\"content-tcbe\" aria-expanded=\"false\"><div class=\"w-tabs-section-title\">A Paripesa oferece suporte por WhatsApp?<\/div><div class=\"w-tabs-section-control\"><\/div><\/button><div  class=\"w-tabs-section-content\" id=\"content-tcbe\"><div class=\"w-tabs-section-content-h i-cf\"><div class=\"wpb_text_column\"><div class=\"wpb_wrapper\"><p>Sim, pode falar connosco diretamente atrav\u00e9s do n\u00famero Paripesa WhatsApp para um atendimento r\u00e1pido e f\u00e1cil.<\/p>\n<\/div><\/div><\/div><\/div><\/div><\/div><\/div><\/div><\/div><\/div><\/div><\/section>\n","protected":false},"excerpt":{"rendered":"Contate-nos &#8211; Paripesa Valorizamos cada jogador e esfor\u00e7amo-nos por fornecer apoio de alto n\u00edvel para garantir que a sua experi\u00eancia com o Paripesa seja tranquila e agrad\u00e1vel. Quer esteja \u00e0 procura de assist\u00eancia com a sua conta, precise de ajuda com transa\u00e7\u00f5es ou queira saber mais sobre os nossos jogos e funcionalidades, a nossa equipa...","protected":false},"author":1,"featured_media":0,"parent":0,"menu_order":0,"comment_status":"closed","ping_status":"closed","template":"","meta":{"footnotes":""},"class_list":["post-2518","page","type-page","status-publish","hentry"],"acf":[],"yoast_head":"<!-- This site is optimized with the Yoast SEO plugin v22.8 - https:\/\/yoast.com\/wordpress\/plugins\/seo\/ -->\n<title>Fale Connosco - Paripesa | Suporte e suporte Assist\u00eancia 24 horas por dia, 7 dias por semana | Site oficial<\/title>\n<meta name=\"description\" content=\"Precisar de ajuda? Contacte a Paripesa para obter suporte 24 horas por dia, 7 dias por semana. Obtenha assist\u00eancia com a sua conta, pagamentos, apostas ou qualquer d\u00favida atrav\u00e9s da nossa fi\u00e1vel equipa de atendimento ao cliente.\" \/>\n<meta name=\"robots\" content=\"index, follow, max-snippet:-1, max-image-preview:large, max-video-preview:-1\" \/>\n<meta property=\"og:locale\" content=\"pt_PT\" \/>\n<meta property=\"og:type\" content=\"article\" \/>\n<meta property=\"og:url\" content=\"https:\/\/paripesawin.com\/pt-pt\/contate-nos\/\" \/>\n<meta property=\"og:site_name\" content=\"Paripesa\" \/>\n<meta property=\"article:modified_time\" content=\"2024-12-04T13:30:31+00:00\" \/>\n<meta name=\"twitter:card\" content=\"summary_large_image\" \/>\n<meta name=\"twitter:label1\" content=\"Tempo estimado de leitura\" \/>\n\t<meta name=\"twitter:data1\" content=\"3 minutos\" \/>\n<script type=\"application\/ld+json\" class=\"yoast-schema-graph\">{\"@context\":\"https:\/\/schema.org\",\"@graph\":[{\"@type\":\"WebPage\",\"@id\":\"https:\/\/paripesawin.com\/pt-pt\/contate-nos\/\",\"url\":\"https:\/\/paripesawin.com\/pt-pt\/contate-nos\/\",\"name\":\"Fale Connosco - Paripesa | Suporte e suporte Assist\u00eancia 24 horas por dia, 7 dias por semana | Site oficial\",\"isPartOf\":{\"@id\":\"https:\/\/paripesawin.com\/#website\"},\"datePublished\":\"2024-12-03T15:05:02+00:00\",\"dateModified\":\"2024-12-04T13:30:31+00:00\",\"description\":\"Precisar de ajuda? Contacte a Paripesa para obter suporte 24 horas por dia, 7 dias por semana. Obtenha assist\u00eancia com a sua conta, pagamentos, apostas ou qualquer d\u00favida atrav\u00e9s da nossa fi\u00e1vel equipa de atendimento ao cliente.\",\"breadcrumb\":{\"@id\":\"https:\/\/paripesawin.com\/pt-pt\/contate-nos\/#breadcrumb\"},\"inLanguage\":\"pt-PT\",\"potentialAction\":[{\"@type\":\"ReadAction\",\"target\":[\"https:\/\/paripesawin.com\/pt-pt\/contate-nos\/\"]}]},{\"@type\":\"BreadcrumbList\",\"@id\":\"https:\/\/paripesawin.com\/pt-pt\/contate-nos\/#breadcrumb\",\"itemListElement\":[{\"@type\":\"ListItem\",\"position\":1,\"name\":\"Home\",\"item\":\"https:\/\/paripesawin.com\/pt-pt\/\"},{\"@type\":\"ListItem\",\"position\":2,\"name\":\"Contate-nos\"}]},{\"@type\":\"WebSite\",\"@id\":\"https:\/\/paripesawin.com\/#website\",\"url\":\"https:\/\/paripesawin.com\/\",\"name\":\"Paripesa\",\"description\":\"Paripesa\",\"potentialAction\":[{\"@type\":\"SearchAction\",\"target\":{\"@type\":\"EntryPoint\",\"urlTemplate\":\"https:\/\/paripesawin.com\/?s={search_term_string}\"},\"query-input\":\"required name=search_term_string\"}],\"inLanguage\":\"pt-PT\"}]}<\/script>\n<!-- \/ Yoast SEO plugin. -->","yoast_head_json":{"title":"Fale Connosco - Paripesa | Suporte e suporte Assist\u00eancia 24 horas por dia, 7 dias por semana | Site oficial","description":"Precisar de ajuda? Contacte a Paripesa para obter suporte 24 horas por dia, 7 dias por semana. Obtenha assist\u00eancia com a sua conta, pagamentos, apostas ou qualquer d\u00favida atrav\u00e9s da nossa fi\u00e1vel equipa de atendimento ao cliente.","robots":{"index":"index","follow":"follow","max-snippet":"max-snippet:-1","max-image-preview":"max-image-preview:large","max-video-preview":"max-video-preview:-1"},"og_locale":"pt_PT","og_type":"article","og_url":"https:\/\/paripesawin.com\/pt-pt\/contate-nos\/","og_site_name":"Paripesa","article_modified_time":"2024-12-04T13:30:31+00:00","twitter_card":"summary_large_image","twitter_misc":{"Tempo estimado de leitura":"3 minutos"},"schema":{"@context":"https:\/\/schema.org","@graph":[{"@type":"WebPage","@id":"https:\/\/paripesawin.com\/pt-pt\/contate-nos\/","url":"https:\/\/paripesawin.com\/pt-pt\/contate-nos\/","name":"Fale Connosco - Paripesa | Suporte e suporte Assist\u00eancia 24 horas por dia, 7 dias por semana | Site oficial","isPartOf":{"@id":"https:\/\/paripesawin.com\/#website"},"datePublished":"2024-12-03T15:05:02+00:00","dateModified":"2024-12-04T13:30:31+00:00","description":"Precisar de ajuda? Contacte a Paripesa para obter suporte 24 horas por dia, 7 dias por semana. Obtenha assist\u00eancia com a sua conta, pagamentos, apostas ou qualquer d\u00favida atrav\u00e9s da nossa fi\u00e1vel equipa de atendimento ao cliente.","breadcrumb":{"@id":"https:\/\/paripesawin.com\/pt-pt\/contate-nos\/#breadcrumb"},"inLanguage":"pt-PT","potentialAction":[{"@type":"ReadAction","target":["https:\/\/paripesawin.com\/pt-pt\/contate-nos\/"]}]},{"@type":"BreadcrumbList","@id":"https:\/\/paripesawin.com\/pt-pt\/contate-nos\/#breadcrumb","itemListElement":[{"@type":"ListItem","position":1,"name":"Home","item":"https:\/\/paripesawin.com\/pt-pt\/"},{"@type":"ListItem","position":2,"name":"Contate-nos"}]},{"@type":"WebSite","@id":"https:\/\/paripesawin.com\/#website","url":"https:\/\/paripesawin.com\/","name":"Paripesa","description":"Paripesa","potentialAction":[{"@type":"SearchAction","target":{"@type":"EntryPoint","urlTemplate":"https:\/\/paripesawin.com\/?s={search_term_string}"},"query-input":"required name=search_term_string"}],"inLanguage":"pt-PT"}]}},"_links":{"self":[{"href":"https:\/\/paripesawin.com\/pt-pt\/wp-json\/wp\/v2\/pages\/2518","targetHints":{"allow":["GET"]}}],"collection":[{"href":"https:\/\/paripesawin.com\/pt-pt\/wp-json\/wp\/v2\/pages"}],"about":[{"href":"https:\/\/paripesawin.com\/pt-pt\/wp-json\/wp\/v2\/types\/page"}],"author":[{"embeddable":true,"href":"https:\/\/paripesawin.com\/pt-pt\/wp-json\/wp\/v2\/users\/1"}],"replies":[{"embeddable":true,"href":"https:\/\/paripesawin.com\/pt-pt\/wp-json\/wp\/v2\/comments?post=2518"}],"version-history":[{"count":1,"href":"https:\/\/paripesawin.com\/pt-pt\/wp-json\/wp\/v2\/pages\/2518\/revisions"}],"predecessor-version":[{"id":2523,"href":"https:\/\/paripesawin.com\/pt-pt\/wp-json\/wp\/v2\/pages\/2518\/revisions\/2523"}],"wp:attachment":[{"href":"https:\/\/paripesawin.com\/pt-pt\/wp-json\/wp\/v2\/media?parent=2518"}],"curies":[{"name":"wp","href":"https:\/\/api.w.org\/{rel}","templated":true}]}}