{"id":2524,"date":"2024-12-03T18:22:43","date_gmt":"2024-12-03T15:22:43","guid":{"rendered":"https:\/\/paripesawin.com\/politica-de-privacidade\/"},"modified":"2024-12-04T17:00:11","modified_gmt":"2024-12-04T14:00:11","slug":"politica-de-privacidade","status":"publish","type":"page","link":"https:\/\/paripesawin.com\/pt-pt\/politica-de-privacidade\/","title":{"rendered":"Pol\u00edtica de Privacidade"},"content":{"rendered":"<section class=\"l-section wpb_row height_auto\"><div class=\"l-section-h i-cf\"><div class=\"g-cols vc_row via_grid cols_1 laptops-cols_inherit tablets-cols_inherit mobiles-cols_1 valign_top type_default stacking_default\"><div class=\"wpb_column vc_column_container\"><div class=\"vc_column-inner\"><div class=\"wpb_text_column\"><div class=\"wpb_wrapper\"><div id=\"ez-toc-container\" class=\"ez-toc-v2_0_65 counter-hierarchy ez-toc-counter ez-toc-light-blue ez-toc-container-direction\">\n<div class=\"ez-toc-title-container\">\n<span class=\"ez-toc-title-toggle\"><a href=\"#\" class=\"ez-toc-pull-right ez-toc-btn ez-toc-btn-xs ez-toc-btn-default ez-toc-toggle\" aria-label=\"Toggle Table of Content\"><span class=\"ez-toc-js-icon-con\"><span class=\"\"><span class=\"eztoc-hide\" style=\"display:none;\">Toggle<\/span><span class=\"ez-toc-icon-toggle-span\"><svg style=\"fill: #b5b5b5;color:#b5b5b5\" xmlns=\"http:\/\/www.w3.org\/2000\/svg\" class=\"list-377408\" width=\"20px\" height=\"20px\" viewBox=\"0 0 24 24\" fill=\"none\"><path d=\"M6 6H4v2h2V6zm14 0H8v2h12V6zM4 11h2v2H4v-2zm16 0H8v2h12v-2zM4 16h2v2H4v-2zm16 0H8v2h12v-2z\" fill=\"currentColor\"><\/path><\/svg><svg style=\"fill: #b5b5b5;color:#b5b5b5\" class=\"arrow-unsorted-368013\" xmlns=\"http:\/\/www.w3.org\/2000\/svg\" width=\"10px\" height=\"10px\" viewBox=\"0 0 24 24\" version=\"1.2\" baseProfile=\"tiny\"><path d=\"M18.2 9.3l-6.2-6.3-6.2 6.3c-.2.2-.3.4-.3.7s.1.5.3.7c.2.2.4.3.7.3h11c.3 0 .5-.1.7-.3.2-.2.3-.5.3-.7s-.1-.5-.3-.7zM5.8 14.7l6.2 6.3 6.2-6.3c.2-.2.3-.5.3-.7s-.1-.5-.3-.7c-.2-.2-.4-.3-.7-.3h-11c-.3 0-.5.1-.7.3-.2.2-.3.5-.3.7s.1.5.3.7z\"\/><\/svg><\/span><\/span><\/span><\/a><\/span><\/div>\n<nav><ul class='ez-toc-list ez-toc-list-level-1 ' ><li class='ez-toc-page-1 ez-toc-heading-level-1'><a class=\"ez-toc-link ez-toc-heading-1\" href=\"https:\/\/paripesawin.com\/pt-pt\/politica-de-privacidade\/#Politica_de_Privacidade_%E2%80%93_Paripesa\" title=\"Pol\u00edtica de Privacidade &#8211; Paripesa\">Pol\u00edtica de Privacidade &#8211; Paripesa<\/a><ul class='ez-toc-list-level-2' ><li class='ez-toc-heading-level-2'><a class=\"ez-toc-link ez-toc-heading-2\" href=\"https:\/\/paripesawin.com\/pt-pt\/politica-de-privacidade\/#Informacoes_que_recolhemos\" title=\"Informa\u00e7\u00f5es que recolhemos\">Informa\u00e7\u00f5es que recolhemos<\/a><\/li><li class='ez-toc-page-1 ez-toc-heading-level-2'><a class=\"ez-toc-link ez-toc-heading-3\" href=\"https:\/\/paripesawin.com\/pt-pt\/politica-de-privacidade\/#Como_usamos_as_suas_informacoes\" title=\"Como usamos as suas informa\u00e7\u00f5es\">Como usamos as suas informa\u00e7\u00f5es<\/a><ul class='ez-toc-list-level-3' ><li class='ez-toc-heading-level-3'><a class=\"ez-toc-link ez-toc-heading-4\" href=\"https:\/\/paripesawin.com\/pt-pt\/politica-de-privacidade\/#Partilha_de_dados\" title=\"Partilha de dados\">Partilha de dados<\/a><\/li><li class='ez-toc-page-1 ez-toc-heading-level-3'><a class=\"ez-toc-link ez-toc-heading-5\" href=\"https:\/\/paripesawin.com\/pt-pt\/politica-de-privacidade\/#Seguranca_de_dados\" title=\"Seguran\u00e7a de dados\">Seguran\u00e7a de dados<\/a><\/li><li class='ez-toc-page-1 ez-toc-heading-level-3'><a class=\"ez-toc-link ez-toc-heading-6\" href=\"https:\/\/paripesawin.com\/pt-pt\/politica-de-privacidade\/#Os_seus_direitos\" title=\"Os seus direitos\">Os seus direitos<\/a><ul class='ez-toc-list-level-4' ><li class='ez-toc-heading-level-4'><a class=\"ez-toc-link ez-toc-heading-7\" href=\"https:\/\/paripesawin.com\/pt-pt\/politica-de-privacidade\/#Utilizacao_do_Logotipo_e_Marca_Paripesa\" title=\"Utiliza\u00e7\u00e3o do Log\u00f3tipo e Marca Paripesa\">Utiliza\u00e7\u00e3o do Log\u00f3tipo e Marca Paripesa<\/a><\/li><li class='ez-toc-page-1 ez-toc-heading-level-4'><a class=\"ez-toc-link ez-toc-heading-8\" href=\"https:\/\/paripesawin.com\/pt-pt\/politica-de-privacidade\/#Alteracoes_na_Politica_de_Privacidade\" title=\"Altera\u00e7\u00f5es na Pol\u00edtica de Privacidade\">Altera\u00e7\u00f5es na Pol\u00edtica de Privacidade<\/a><\/li><\/ul><\/li><\/ul><\/li><li class='ez-toc-page-1 ez-toc-heading-level-2'><a class=\"ez-toc-link ez-toc-heading-9\" href=\"https:\/\/paripesawin.com\/pt-pt\/politica-de-privacidade\/#Contate-nos\" title=\"Contate-nos\">Contate-nos<\/a><\/li><\/ul><\/li><\/ul><\/nav><\/div>\n<h1><span class=\"ez-toc-section\" id=\"Politica_de_Privacidade_%E2%80%93_Paripesa\"><\/span>Pol\u00edtica de Privacidade &#8211; Paripesa<span class=\"ez-toc-section-end\"><\/span><\/h1>\n<p>Na <a href=\"\/pt-pt\/\">Paripesa<\/a>, a sua privacidade \u00e9 a nossa prioridade. Esta Pol\u00edtica de Privacidade descreve como recolhemos, utilizamos e protegemos as suas informa\u00e7\u00f5es pessoais enquanto interage com o site de apostas Paripesa, a aplica\u00e7\u00e3o global Paripesa e os nossos diversos servi\u00e7os. Ao utilizar a nossa plataforma, concorda com as pr\u00e1ticas descritas nesta pol\u00edtica.<\/p>\n<h2><span class=\"ez-toc-section\" id=\"Informacoes_que_recolhemos\"><\/span>Informa\u00e7\u00f5es que recolhemos<span class=\"ez-toc-section-end\"><\/span><\/h2>\n<ul>\n<li>Informa\u00e7\u00f5es pessoais<br \/>Quando cria uma conta no Paripesa KE ou no casino Paripesa, recolhemos dados pessoais como o seu nome, e-mail, n\u00famero de telefone e data de nascimento. Estes dados garantem a seguran\u00e7a da sua conta e o cumprimento dos requisitos legais.<\/li>\n<li>Dados de transa\u00e7\u00e3o<br \/>Para dep\u00f3sitos e levantamentos, recolhemos os dados de pagamento, incluindo a utiliza\u00e7\u00e3o do servi\u00e7o de boleto banc\u00e1rio da Paripesa. Isto permite-nos processar transa\u00e7\u00f5es de forma eficiente e segura.<\/li>\n<li>Dados de utiliza\u00e7\u00e3o<br \/>Monitorizamos as suas intera\u00e7\u00f5es com funcionalidades como as apostas ao vivo da Paripesa e outros servi\u00e7os para melhorar a sua experi\u00eancia de jogo.<\/li>\n<\/ul>\n<h2><span class=\"ez-toc-section\" id=\"Como_usamos_as_suas_informacoes\"><\/span>Como usamos as suas informa\u00e7\u00f5es<span class=\"ez-toc-section-end\"><\/span><\/h2>\n<ul>\n<li>Gest\u00e3o de Contas &#8211; Para gerir a sua conta e fornecer acesso a jogos e servi\u00e7os, como o Paripesa KE e o casino Paripesa.<\/li>\n<li>Processamento de Pagamentos &#8211; Para garantir transa\u00e7\u00f5es seguras atrav\u00e9s de m\u00e9todos como o sistema de boletos Paripesa.<\/li>\n<li>Otimiza\u00e7\u00e3o da Plataforma &#8211; Para analisar o comportamento do utilizador e melhorar o desempenho do site de apostas Paripesa e da aplica\u00e7\u00e3o global Paripesa.<\/li>\n<\/ul>\n<h3><span class=\"ez-toc-section\" id=\"Partilha_de_dados\"><\/span>Partilha de dados<span class=\"ez-toc-section-end\"><\/span><\/h3>\n<p>Valorizamos a sua privacidade e n\u00e3o partilhamos as suas informa\u00e7\u00f5es com terceiros n\u00e3o autorizados. No entanto, podemos partilhar dados com parceiros e prestadores de servi\u00e7os de confian\u00e7a da Paripesa para fornecer determinadas funcionalidades, como o processamento de pagamentos ou o marketing.<\/p>\n<h3><span class=\"ez-toc-section\" id=\"Seguranca_de_dados\"><\/span>Seguran\u00e7a de dados<span class=\"ez-toc-section-end\"><\/span><\/h3>\n<p>Os seus dados s\u00e3o armazenados de forma segura e protegidos com encripta\u00e7\u00e3o avan\u00e7ada. O propriet\u00e1rio da Paripesa garante que est\u00e3o em vigor todas as medidas para evitar o acesso n\u00e3o autorizado ou o uso indevido de informa\u00e7\u00f5es pessoais.<\/p>\n<h3><span class=\"ez-toc-section\" id=\"Os_seus_direitos\"><\/span>Os seus direitos<span class=\"ez-toc-section-end\"><\/span><\/h3>\n<p>Como utilizador do Paripesa KE, tem direito a:<\/p>\n<ul>\n<li>Aceda e atualize as suas informa\u00e7\u00f5es pessoais.<\/li>\n<li>Solicite a elimina\u00e7\u00e3o da sua conta.<\/li>\n<li>Cancelar a rece\u00e7\u00e3o de comunica\u00e7\u00f5es de marketing da Paripesa ou dos seus parceiros.<\/li>\n<\/ul>\n<h4><span class=\"ez-toc-section\" id=\"Utilizacao_do_Logotipo_e_Marca_Paripesa\"><\/span>Utiliza\u00e7\u00e3o do Log\u00f3tipo e Marca Paripesa<span class=\"ez-toc-section-end\"><\/span><\/h4>\n<p>O log\u00f3tipo e a marca Paripesa est\u00e3o protegidos pelas leis de propriedade intelectual. Qualquer utiliza\u00e7\u00e3o n\u00e3o autorizada do log\u00f3tipo, nome ou materiais associados \u00e0 Paripesa \u00e9 estritamente proibida.<\/p>\n<h4><span class=\"ez-toc-section\" id=\"Alteracoes_na_Politica_de_Privacidade\"><\/span>Altera\u00e7\u00f5es na Pol\u00edtica de Privacidade<span class=\"ez-toc-section-end\"><\/span><\/h4>\n<p>Esta Pol\u00edtica de Privacidade pode ser atualizada periodicamente para refletir altera\u00e7\u00f5es aos nossos servi\u00e7os ou requisitos legais. Os utilizadores ser\u00e3o notificados sobre quaisquer altera\u00e7\u00f5es significativas atrav\u00e9s do site de apostas Paripesa ou da aplica\u00e7\u00e3o global Paripesa.<\/p>\n<h2><span class=\"ez-toc-section\" id=\"Contate-nos\"><\/span>Contate-nos<span class=\"ez-toc-section-end\"><\/span><\/h2>\n<p>Se tiver alguma d\u00favida sobre esta Pol\u00edtica de Privacidade ou sobre a forma como os seus dados s\u00e3o tratados, contacte-nos atrav\u00e9s do chat ao vivo da Paripesa ou contacte um dos nossos parceiros de confian\u00e7a da Paripesa. A sua confian\u00e7a \u00e9 importante para n\u00f3s e a Paripesa continua empenhada em proteger a sua privacidade e, ao mesmo tempo, oferecer uma experi\u00eancia de jogo excecional.<\/p>\n<\/div><\/div><\/div><\/div><\/div><\/div><\/section>\n","protected":false},"excerpt":{"rendered":"Pol\u00edtica de Privacidade &#8211; Paripesa Na Paripesa, a sua privacidade \u00e9 a nossa prioridade. Esta Pol\u00edtica de Privacidade descreve como recolhemos, utilizamos e protegemos as suas informa\u00e7\u00f5es pessoais enquanto interage com o site de apostas Paripesa, a aplica\u00e7\u00e3o global Paripesa e os nossos diversos servi\u00e7os. Ao utilizar a nossa plataforma, concorda com as pr\u00e1ticas descritas...","protected":false},"author":1,"featured_media":0,"parent":0,"menu_order":0,"comment_status":"closed","ping_status":"closed","template":"","meta":{"footnotes":""},"class_list":["post-2524","page","type-page","status-publish","hentry"],"acf":[],"yoast_head":"<!-- This site is optimized with the Yoast SEO plugin v22.8 - https:\/\/yoast.com\/wordpress\/plugins\/seo\/ -->\n<title>Pol\u00edtica de Privacidade - Paripesa | Os seus dados, seguros e protegidos | Oficial<\/title>\n<meta name=\"description\" content=\"Leia a Pol\u00edtica de Privacidade da Paripesa. Saiba como protegemos os seus dados, garantimos a seguran\u00e7a e gerimos as informa\u00e7\u00f5es de forma respons\u00e1vel para uma experi\u00eancia de jogo segura.\" \/>\n<meta name=\"robots\" content=\"index, follow, max-snippet:-1, max-image-preview:large, max-video-preview:-1\" \/>\n<meta property=\"og:locale\" content=\"pt_PT\" \/>\n<meta property=\"og:type\" content=\"article\" \/>\n<meta property=\"og:url\" content=\"https:\/\/paripesawin.com\/pt-pt\/politica-de-privacidade\/\" \/>\n<meta property=\"og:site_name\" content=\"Paripesa\" \/>\n<meta property=\"article:modified_time\" content=\"2024-12-04T14:00:11+00:00\" \/>\n<meta name=\"twitter:card\" content=\"summary_large_image\" \/>\n<meta name=\"twitter:label1\" content=\"Tempo estimado de leitura\" \/>\n\t<meta name=\"twitter:data1\" content=\"3 minutos\" \/>\n<script type=\"application\/ld+json\" class=\"yoast-schema-graph\">{\"@context\":\"https:\/\/schema.org\",\"@graph\":[{\"@type\":\"WebPage\",\"@id\":\"https:\/\/paripesawin.com\/pt-pt\/politica-de-privacidade\/\",\"url\":\"https:\/\/paripesawin.com\/pt-pt\/politica-de-privacidade\/\",\"name\":\"Pol\u00edtica de Privacidade - Paripesa | Os seus dados, seguros e protegidos | Oficial\",\"isPartOf\":{\"@id\":\"https:\/\/paripesawin.com\/#website\"},\"datePublished\":\"2024-12-03T15:22:43+00:00\",\"dateModified\":\"2024-12-04T14:00:11+00:00\",\"description\":\"Leia a Pol\u00edtica de Privacidade da Paripesa. Saiba como protegemos os seus dados, garantimos a seguran\u00e7a e gerimos as informa\u00e7\u00f5es de forma respons\u00e1vel para uma experi\u00eancia de jogo segura.\",\"breadcrumb\":{\"@id\":\"https:\/\/paripesawin.com\/pt-pt\/politica-de-privacidade\/#breadcrumb\"},\"inLanguage\":\"pt-PT\",\"potentialAction\":[{\"@type\":\"ReadAction\",\"target\":[\"https:\/\/paripesawin.com\/pt-pt\/politica-de-privacidade\/\"]}]},{\"@type\":\"BreadcrumbList\",\"@id\":\"https:\/\/paripesawin.com\/pt-pt\/politica-de-privacidade\/#breadcrumb\",\"itemListElement\":[{\"@type\":\"ListItem\",\"position\":1,\"name\":\"Home\",\"item\":\"https:\/\/paripesawin.com\/pt-pt\/\"},{\"@type\":\"ListItem\",\"position\":2,\"name\":\"Pol\u00edtica de Privacidade\"}]},{\"@type\":\"WebSite\",\"@id\":\"https:\/\/paripesawin.com\/#website\",\"url\":\"https:\/\/paripesawin.com\/\",\"name\":\"Paripesa\",\"description\":\"Paripesa\",\"potentialAction\":[{\"@type\":\"SearchAction\",\"target\":{\"@type\":\"EntryPoint\",\"urlTemplate\":\"https:\/\/paripesawin.com\/?s={search_term_string}\"},\"query-input\":\"required name=search_term_string\"}],\"inLanguage\":\"pt-PT\"}]}<\/script>\n<!-- \/ Yoast SEO plugin. -->","yoast_head_json":{"title":"Pol\u00edtica de Privacidade - Paripesa | Os seus dados, seguros e protegidos | Oficial","description":"Leia a Pol\u00edtica de Privacidade da Paripesa. Saiba como protegemos os seus dados, garantimos a seguran\u00e7a e gerimos as informa\u00e7\u00f5es de forma respons\u00e1vel para uma experi\u00eancia de jogo segura.","robots":{"index":"index","follow":"follow","max-snippet":"max-snippet:-1","max-image-preview":"max-image-preview:large","max-video-preview":"max-video-preview:-1"},"og_locale":"pt_PT","og_type":"article","og_url":"https:\/\/paripesawin.com\/pt-pt\/politica-de-privacidade\/","og_site_name":"Paripesa","article_modified_time":"2024-12-04T14:00:11+00:00","twitter_card":"summary_large_image","twitter_misc":{"Tempo estimado de leitura":"3 minutos"},"schema":{"@context":"https:\/\/schema.org","@graph":[{"@type":"WebPage","@id":"https:\/\/paripesawin.com\/pt-pt\/politica-de-privacidade\/","url":"https:\/\/paripesawin.com\/pt-pt\/politica-de-privacidade\/","name":"Pol\u00edtica de Privacidade - Paripesa | Os seus dados, seguros e protegidos | Oficial","isPartOf":{"@id":"https:\/\/paripesawin.com\/#website"},"datePublished":"2024-12-03T15:22:43+00:00","dateModified":"2024-12-04T14:00:11+00:00","description":"Leia a Pol\u00edtica de Privacidade da Paripesa. Saiba como protegemos os seus dados, garantimos a seguran\u00e7a e gerimos as informa\u00e7\u00f5es de forma respons\u00e1vel para uma experi\u00eancia de jogo segura.","breadcrumb":{"@id":"https:\/\/paripesawin.com\/pt-pt\/politica-de-privacidade\/#breadcrumb"},"inLanguage":"pt-PT","potentialAction":[{"@type":"ReadAction","target":["https:\/\/paripesawin.com\/pt-pt\/politica-de-privacidade\/"]}]},{"@type":"BreadcrumbList","@id":"https:\/\/paripesawin.com\/pt-pt\/politica-de-privacidade\/#breadcrumb","itemListElement":[{"@type":"ListItem","position":1,"name":"Home","item":"https:\/\/paripesawin.com\/pt-pt\/"},{"@type":"ListItem","position":2,"name":"Pol\u00edtica de Privacidade"}]},{"@type":"WebSite","@id":"https:\/\/paripesawin.com\/#website","url":"https:\/\/paripesawin.com\/","name":"Paripesa","description":"Paripesa","potentialAction":[{"@type":"SearchAction","target":{"@type":"EntryPoint","urlTemplate":"https:\/\/paripesawin.com\/?s={search_term_string}"},"query-input":"required name=search_term_string"}],"inLanguage":"pt-PT"}]}},"_links":{"self":[{"href":"https:\/\/paripesawin.com\/pt-pt\/wp-json\/wp\/v2\/pages\/2524","targetHints":{"allow":["GET"]}}],"collection":[{"href":"https:\/\/paripesawin.com\/pt-pt\/wp-json\/wp\/v2\/pages"}],"about":[{"href":"https:\/\/paripesawin.com\/pt-pt\/wp-json\/wp\/v2\/types\/page"}],"author":[{"embeddable":true,"href":"https:\/\/paripesawin.com\/pt-pt\/wp-json\/wp\/v2\/users\/1"}],"replies":[{"embeddable":true,"href":"https:\/\/paripesawin.com\/pt-pt\/wp-json\/wp\/v2\/comments?post=2524"}],"version-history":[{"count":1,"href":"https:\/\/paripesawin.com\/pt-pt\/wp-json\/wp\/v2\/pages\/2524\/revisions"}],"predecessor-version":[{"id":2532,"href":"https:\/\/paripesawin.com\/pt-pt\/wp-json\/wp\/v2\/pages\/2524\/revisions\/2532"}],"wp:attachment":[{"href":"https:\/\/paripesawin.com\/pt-pt\/wp-json\/wp\/v2\/media?parent=2524"}],"curies":[{"name":"wp","href":"https:\/\/api.w.org\/{rel}","templated":true}]}}