{"id":2526,"date":"2024-12-03T16:06:56","date_gmt":"2024-12-03T13:06:56","guid":{"rendered":"https:\/\/paripesawin.com\/jogo-responsavel\/"},"modified":"2024-12-04T17:00:26","modified_gmt":"2024-12-04T14:00:26","slug":"jogo-responsavel","status":"publish","type":"page","link":"https:\/\/paripesawin.com\/pt-pt\/jogo-responsavel\/","title":{"rendered":"Jogo Respons\u00e1vel"},"content":{"rendered":"<section class=\"l-section wpb_row height_auto\"><div class=\"l-section-h i-cf\"><div class=\"g-cols vc_row via_grid cols_1 laptops-cols_inherit tablets-cols_inherit mobiles-cols_1 valign_top type_default stacking_default\"><div class=\"wpb_column vc_column_container\"><div class=\"vc_column-inner\"><div class=\"wpb_text_column\"><div class=\"wpb_wrapper\"><div id=\"ez-toc-container\" class=\"ez-toc-v2_0_65 counter-hierarchy ez-toc-counter ez-toc-light-blue ez-toc-container-direction\">\n<div class=\"ez-toc-title-container\">\n<span class=\"ez-toc-title-toggle\"><a href=\"#\" class=\"ez-toc-pull-right ez-toc-btn ez-toc-btn-xs ez-toc-btn-default ez-toc-toggle\" aria-label=\"Toggle Table of Content\"><span class=\"ez-toc-js-icon-con\"><span class=\"\"><span class=\"eztoc-hide\" style=\"display:none;\">Toggle<\/span><span class=\"ez-toc-icon-toggle-span\"><svg style=\"fill: #b5b5b5;color:#b5b5b5\" xmlns=\"http:\/\/www.w3.org\/2000\/svg\" class=\"list-377408\" width=\"20px\" height=\"20px\" viewBox=\"0 0 24 24\" fill=\"none\"><path d=\"M6 6H4v2h2V6zm14 0H8v2h12V6zM4 11h2v2H4v-2zm16 0H8v2h12v-2zM4 16h2v2H4v-2zm16 0H8v2h12v-2z\" fill=\"currentColor\"><\/path><\/svg><svg style=\"fill: #b5b5b5;color:#b5b5b5\" class=\"arrow-unsorted-368013\" xmlns=\"http:\/\/www.w3.org\/2000\/svg\" width=\"10px\" height=\"10px\" viewBox=\"0 0 24 24\" version=\"1.2\" baseProfile=\"tiny\"><path d=\"M18.2 9.3l-6.2-6.3-6.2 6.3c-.2.2-.3.4-.3.7s.1.5.3.7c.2.2.4.3.7.3h11c.3 0 .5-.1.7-.3.2-.2.3-.5.3-.7s-.1-.5-.3-.7zM5.8 14.7l6.2 6.3 6.2-6.3c.2-.2.3-.5.3-.7s-.1-.5-.3-.7c-.2-.2-.4-.3-.7-.3h-11c-.3 0-.5.1-.7.3-.2.2-.3.5-.3.7s.1.5.3.7z\"\/><\/svg><\/span><\/span><\/span><\/a><\/span><\/div>\n<nav><ul class='ez-toc-list ez-toc-list-level-1 ' ><li class='ez-toc-page-1 ez-toc-heading-level-1'><a class=\"ez-toc-link ez-toc-heading-1\" href=\"https:\/\/paripesawin.com\/pt-pt\/jogo-responsavel\/#Jogo_Responsavel_%E2%80%93_Paripesa\" title=\"Jogo Respons\u00e1vel &#8211; Paripesa\">Jogo Respons\u00e1vel &#8211; Paripesa<\/a><ul class='ez-toc-list-level-2' ><li class='ez-toc-heading-level-2'><a class=\"ez-toc-link ez-toc-heading-2\" href=\"https:\/\/paripesawin.com\/pt-pt\/jogo-responsavel\/#Orientacoes_para_Jogo_Responsavel\" title=\"Orienta\u00e7\u00f5es para Jogo Respons\u00e1vel\">Orienta\u00e7\u00f5es para Jogo Respons\u00e1vel<\/a><\/li><li class='ez-toc-page-1 ez-toc-heading-level-2'><a class=\"ez-toc-link ez-toc-heading-3\" href=\"https:\/\/paripesawin.com\/pt-pt\/jogo-responsavel\/#Ferramentas_e_recursos_para_o_jogo_responsavel\" title=\"Ferramentas e recursos para o jogo respons\u00e1vel\">Ferramentas e recursos para o jogo respons\u00e1vel<\/a><\/li><li class='ez-toc-page-1 ez-toc-heading-level-2'><a class=\"ez-toc-link ez-toc-heading-4\" href=\"https:\/\/paripesawin.com\/pt-pt\/jogo-responsavel\/#Gerir_as_suas_transacoes\" title=\"Gerir as suas transa\u00e7\u00f5es\">Gerir as suas transa\u00e7\u00f5es<\/a><\/li><li class='ez-toc-page-1 ez-toc-heading-level-2'><a class=\"ez-toc-link ez-toc-heading-5\" href=\"https:\/\/paripesawin.com\/pt-pt\/jogo-responsavel\/#Reconhecendo_jogos_problematicos\" title=\"Reconhecendo jogos problem\u00e1ticos\">Reconhecendo jogos problem\u00e1ticos<\/a><\/li><li class='ez-toc-page-1 ez-toc-heading-level-2'><a class=\"ez-toc-link ez-toc-heading-6\" href=\"https:\/\/paripesawin.com\/pt-pt\/jogo-responsavel\/#Suporte_e_Recursos\" title=\"Suporte e Recursos\">Suporte e Recursos<\/a><\/li><li class='ez-toc-page-1 ez-toc-heading-level-2'><a class=\"ez-toc-link ez-toc-heading-7\" href=\"https:\/\/paripesawin.com\/pt-pt\/jogo-responsavel\/#Jogue_com_responsabilidade_com_o_Paripesa\" title=\"Jogue com responsabilidade com o Paripesa\">Jogue com responsabilidade com o Paripesa<\/a><\/li><\/ul><\/li><\/ul><\/nav><\/div>\n<h1><span class=\"ez-toc-section\" id=\"Jogo_Responsavel_%E2%80%93_Paripesa\"><\/span>Jogo Respons\u00e1vel &#8211; Paripesa<span class=\"ez-toc-section-end\"><\/span><\/h1>\n<p>Na <a href=\"\/pt-pt\/\">Paripesa<\/a>, estamos profundamente empenhados em promover pr\u00e1ticas de jogo respons\u00e1veis para todos os nossos utilizadores. As apostas devem ser sempre uma atividade divertida e esfor\u00e7amo-nos para garantir que se mant\u00e9m divertida, segura e livre de danos. Fornecemos ferramentas, recursos e diretrizes para ajudar os jogadores a tomar decis\u00f5es informadas e a manter o controlo do seu comportamento no jogo.<\/p>\n<h2><span class=\"ez-toc-section\" id=\"Orientacoes_para_Jogo_Responsavel\"><\/span>Orienta\u00e7\u00f5es para Jogo Respons\u00e1vel<span class=\"ez-toc-section-end\"><\/span><\/h2>\n<ol>\n<li>Estabele\u00e7a Limites: Defina sempre um or\u00e7amento para as suas apostas e evite ultrapass\u00e1-lo. Continue a utilizar recursos como a aposta m\u00ednima Paripesa para o ajudar a gerir os seus gastos de forma eficaz.<\/li>\n<li>Evite perseguir perdas: Se encontrar uma s\u00e9rie de derrotas, fa\u00e7a uma pausa. Perseguir perdas pode levar ao stress financeiro.<\/li>\n<li>Aposte estrategicamente: utilize recursos como a previs\u00e3o do Paripesa para hoje e as dicas do Paripesa para fazer apostas bem informadas, em vez de confiar no acaso ou na emo\u00e7\u00e3o.<\/li>\n<\/ol>\n<h2><span class=\"ez-toc-section\" id=\"Ferramentas_e_recursos_para_o_jogo_responsavel\"><\/span>Ferramentas e recursos para o jogo respons\u00e1vel<span class=\"ez-toc-section-end\"><\/span><\/h2>\n<ul>\n<li>Paripesa Cash Out: Esta funcionalidade permite-lhe controlar as suas apostas retirando ganhos ou minimizando perdas antes do final do evento.<\/li>\n<li>Limites de apostas: Defina limites pessoais de dep\u00f3sito ou apostas para se manter dentro da sua zona de conforto.<\/li>\n<li>Lembretes de tempo: controle o tempo que gasta a apostar para manter um estilo de vida equilibrado.<\/li>\n<\/ul>\n<h2><span class=\"ez-toc-section\" id=\"Gerir_as_suas_transacoes\"><\/span>Gerir as suas transa\u00e7\u00f5es<span class=\"ez-toc-section-end\"><\/span><\/h2>\n<ul>\n<li>Dep\u00f3sitos convenientes: Fa\u00e7a dep\u00f3sitos seguros atrav\u00e9s do servi\u00e7o de pagamento da Paripesa para um financiamento cont\u00ednuo da sua conta.<\/li>\n<li>Levantamentos atempados: Compreenda o hor\u00e1rio de levantamento da Paripesa para planear os seus levantamentos com efici\u00eancia e responsabilidade.<\/li>\n<\/ul>\n<h2><span class=\"ez-toc-section\" id=\"Reconhecendo_jogos_problematicos\"><\/span>Reconhecendo jogos problem\u00e1ticos<span class=\"ez-toc-section-end\"><\/span><\/h2>\n<p>O jogo pode tornar-se problem\u00e1tico se afetar as suas finan\u00e7as, relacionamentos ou vida di\u00e1ria. Aqui est\u00e3o alguns sinais a ter em conta:<\/p>\n<ul>\n<li>Apostar mais do que pode perder.<\/li>\n<li>Emprestar dinheiro para financiar as atividades de jogo.<\/li>\n<li>Sentir-se stressado ou ansioso com perdas.<\/li>\n<\/ul>\n<p>Se sentir algum destes sinais, considere utilizar as nossas ferramentas de autoexclus\u00e3o ou contactar uma organiza\u00e7\u00e3o de jogo respons\u00e1vel para obter ajuda.<\/p>\n<h2><span class=\"ez-toc-section\" id=\"Suporte_e_Recursos\"><\/span>Suporte e Recursos<span class=\"ez-toc-section-end\"><\/span><\/h2>\n<p>Na Paripesa, apoiamos os jogadores que precisam de ajuda para gerir o seu comportamento de jogo. Pode aceder a recursos como:<\/p>\n<ul>\n<li>Op\u00e7\u00f5es de autoexclus\u00e3o para suspender tempor\u00e1ria ou permanentemente a sua conta.<\/li>\n<li>Relat\u00f3rios de atividades da conta para monitorizar os seus h\u00e1bitos de jogo.<\/li>\n<li>Organiza\u00e7\u00f5es de apoio profissional para assist\u00eancia adicional.<\/li>\n<\/ul>\n<h2><span class=\"ez-toc-section\" id=\"Jogue_com_responsabilidade_com_o_Paripesa\"><\/span>Jogue com responsabilidade com o Paripesa<span class=\"ez-toc-section-end\"><\/span><\/h2>\n<p>Quer esteja a explorar estrat\u00e9gias de apostas, a fazer previs\u00f5es ou a gerir levantamentos, encorajamos todos os jogadores a priorizar o jogo respons\u00e1vel. Utilize ferramentas como as dicas Paripesa, o saque Paripesa e a previs\u00e3o Paripesa para hoje para tomar decis\u00f5es bem informadas, mantendo o controlo das suas atividades de apostas. Estamos aqui para garantir que a sua experi\u00eancia com a Paripesa se mant\u00e9m positiva, gratificante e, mais importante, respons\u00e1vel. Jogue com intelig\u00eancia, jogue com seguran\u00e7a e desfrute da emo\u00e7\u00e3o de jogar com responsabilidade!<\/p>\n<\/div><\/div><\/div><\/div><\/div><\/div><\/section>\n","protected":false},"excerpt":{"rendered":"Jogo Respons\u00e1vel &#8211; Paripesa Na Paripesa, estamos profundamente empenhados em promover pr\u00e1ticas de jogo respons\u00e1veis para todos os nossos utilizadores. As apostas devem ser sempre uma atividade divertida e esfor\u00e7amo-nos para garantir que se mant\u00e9m divertida, segura e livre de danos. Fornecemos ferramentas, recursos e diretrizes para ajudar os jogadores a tomar decis\u00f5es informadas e...","protected":false},"author":1,"featured_media":0,"parent":0,"menu_order":0,"comment_status":"closed","ping_status":"closed","template":"","meta":{"footnotes":""},"class_list":["post-2526","page","type-page","status-publish","hentry"],"acf":[],"yoast_head":"<!-- This site is optimized with the Yoast SEO plugin v22.8 - https:\/\/yoast.com\/wordpress\/plugins\/seo\/ -->\n<title>Jogo Respons\u00e1vel - Paripesa | Jogue com seguran\u00e7a e responsabilidade<\/title>\n<meta name=\"description\" content=\"Saiba mais sobre o compromisso da Paripesa com o jogo respons\u00e1vel. Descubra ferramentas, dicas e recursos para garantir uma experi\u00eancia de jogo segura, equilibrada e divertida.\" \/>\n<meta name=\"robots\" content=\"index, follow, max-snippet:-1, max-image-preview:large, max-video-preview:-1\" \/>\n<meta property=\"og:locale\" content=\"pt_PT\" \/>\n<meta property=\"og:type\" content=\"article\" \/>\n<meta property=\"og:url\" content=\"https:\/\/paripesawin.com\/pt-pt\/jogo-responsavel\/\" \/>\n<meta property=\"og:site_name\" content=\"Paripesa\" \/>\n<meta property=\"article:modified_time\" content=\"2024-12-04T14:00:26+00:00\" \/>\n<meta name=\"twitter:card\" content=\"summary_large_image\" \/>\n<meta name=\"twitter:label1\" content=\"Tempo estimado de leitura\" \/>\n\t<meta name=\"twitter:data1\" content=\"3 minutos\" \/>\n<script type=\"application\/ld+json\" class=\"yoast-schema-graph\">{\"@context\":\"https:\/\/schema.org\",\"@graph\":[{\"@type\":\"WebPage\",\"@id\":\"https:\/\/paripesawin.com\/pt-pt\/jogo-responsavel\/\",\"url\":\"https:\/\/paripesawin.com\/pt-pt\/jogo-responsavel\/\",\"name\":\"Jogo Respons\u00e1vel - Paripesa | Jogue com seguran\u00e7a e responsabilidade\",\"isPartOf\":{\"@id\":\"https:\/\/paripesawin.com\/#website\"},\"datePublished\":\"2024-12-03T13:06:56+00:00\",\"dateModified\":\"2024-12-04T14:00:26+00:00\",\"description\":\"Saiba mais sobre o compromisso da Paripesa com o jogo respons\u00e1vel. Descubra ferramentas, dicas e recursos para garantir uma experi\u00eancia de jogo segura, equilibrada e divertida.\",\"breadcrumb\":{\"@id\":\"https:\/\/paripesawin.com\/pt-pt\/jogo-responsavel\/#breadcrumb\"},\"inLanguage\":\"pt-PT\",\"potentialAction\":[{\"@type\":\"ReadAction\",\"target\":[\"https:\/\/paripesawin.com\/pt-pt\/jogo-responsavel\/\"]}]},{\"@type\":\"BreadcrumbList\",\"@id\":\"https:\/\/paripesawin.com\/pt-pt\/jogo-responsavel\/#breadcrumb\",\"itemListElement\":[{\"@type\":\"ListItem\",\"position\":1,\"name\":\"Home\",\"item\":\"https:\/\/paripesawin.com\/pt-pt\/\"},{\"@type\":\"ListItem\",\"position\":2,\"name\":\"Jogo Respons\u00e1vel\"}]},{\"@type\":\"WebSite\",\"@id\":\"https:\/\/paripesawin.com\/#website\",\"url\":\"https:\/\/paripesawin.com\/\",\"name\":\"Paripesa\",\"description\":\"Paripesa\",\"potentialAction\":[{\"@type\":\"SearchAction\",\"target\":{\"@type\":\"EntryPoint\",\"urlTemplate\":\"https:\/\/paripesawin.com\/?s={search_term_string}\"},\"query-input\":\"required name=search_term_string\"}],\"inLanguage\":\"pt-PT\"}]}<\/script>\n<!-- \/ Yoast SEO plugin. -->","yoast_head_json":{"title":"Jogo Respons\u00e1vel - Paripesa | Jogue com seguran\u00e7a e responsabilidade","description":"Saiba mais sobre o compromisso da Paripesa com o jogo respons\u00e1vel. Descubra ferramentas, dicas e recursos para garantir uma experi\u00eancia de jogo segura, equilibrada e divertida.","robots":{"index":"index","follow":"follow","max-snippet":"max-snippet:-1","max-image-preview":"max-image-preview:large","max-video-preview":"max-video-preview:-1"},"og_locale":"pt_PT","og_type":"article","og_url":"https:\/\/paripesawin.com\/pt-pt\/jogo-responsavel\/","og_site_name":"Paripesa","article_modified_time":"2024-12-04T14:00:26+00:00","twitter_card":"summary_large_image","twitter_misc":{"Tempo estimado de leitura":"3 minutos"},"schema":{"@context":"https:\/\/schema.org","@graph":[{"@type":"WebPage","@id":"https:\/\/paripesawin.com\/pt-pt\/jogo-responsavel\/","url":"https:\/\/paripesawin.com\/pt-pt\/jogo-responsavel\/","name":"Jogo Respons\u00e1vel - Paripesa | Jogue com seguran\u00e7a e responsabilidade","isPartOf":{"@id":"https:\/\/paripesawin.com\/#website"},"datePublished":"2024-12-03T13:06:56+00:00","dateModified":"2024-12-04T14:00:26+00:00","description":"Saiba mais sobre o compromisso da Paripesa com o jogo respons\u00e1vel. Descubra ferramentas, dicas e recursos para garantir uma experi\u00eancia de jogo segura, equilibrada e divertida.","breadcrumb":{"@id":"https:\/\/paripesawin.com\/pt-pt\/jogo-responsavel\/#breadcrumb"},"inLanguage":"pt-PT","potentialAction":[{"@type":"ReadAction","target":["https:\/\/paripesawin.com\/pt-pt\/jogo-responsavel\/"]}]},{"@type":"BreadcrumbList","@id":"https:\/\/paripesawin.com\/pt-pt\/jogo-responsavel\/#breadcrumb","itemListElement":[{"@type":"ListItem","position":1,"name":"Home","item":"https:\/\/paripesawin.com\/pt-pt\/"},{"@type":"ListItem","position":2,"name":"Jogo Respons\u00e1vel"}]},{"@type":"WebSite","@id":"https:\/\/paripesawin.com\/#website","url":"https:\/\/paripesawin.com\/","name":"Paripesa","description":"Paripesa","potentialAction":[{"@type":"SearchAction","target":{"@type":"EntryPoint","urlTemplate":"https:\/\/paripesawin.com\/?s={search_term_string}"},"query-input":"required name=search_term_string"}],"inLanguage":"pt-PT"}]}},"_links":{"self":[{"href":"https:\/\/paripesawin.com\/pt-pt\/wp-json\/wp\/v2\/pages\/2526","targetHints":{"allow":["GET"]}}],"collection":[{"href":"https:\/\/paripesawin.com\/pt-pt\/wp-json\/wp\/v2\/pages"}],"about":[{"href":"https:\/\/paripesawin.com\/pt-pt\/wp-json\/wp\/v2\/types\/page"}],"author":[{"embeddable":true,"href":"https:\/\/paripesawin.com\/pt-pt\/wp-json\/wp\/v2\/users\/1"}],"replies":[{"embeddable":true,"href":"https:\/\/paripesawin.com\/pt-pt\/wp-json\/wp\/v2\/comments?post=2526"}],"version-history":[{"count":1,"href":"https:\/\/paripesawin.com\/pt-pt\/wp-json\/wp\/v2\/pages\/2526\/revisions"}],"predecessor-version":[{"id":2533,"href":"https:\/\/paripesawin.com\/pt-pt\/wp-json\/wp\/v2\/pages\/2526\/revisions\/2533"}],"wp:attachment":[{"href":"https:\/\/paripesawin.com\/pt-pt\/wp-json\/wp\/v2\/media?parent=2526"}],"curies":[{"name":"wp","href":"https:\/\/api.w.org\/{rel}","templated":true}]}}